{"id":7374,"date":"2020-03-06T14:52:47","date_gmt":"2020-03-06T13:52:47","guid":{"rendered":"https:\/\/preprod.nyanpereira.fr\/?page_id=7374"},"modified":"2021-04-20T13:30:36","modified_gmt":"2021-04-20T12:30:36","slug":"photoroughs-photographie-photomontage-region-paca","status":"publish","type":"page","link":"https:\/\/nyanpereira.fr\/dessinateur\/gallery\/photoroughs-photographie-photomontage-region-paca\/","title":{"rendered":"PhotoMontage PUB &#038; Photo Manipulation"},"content":{"rendered":"<div  class=\"one withsmallpadding ppb_header \" style=\"text-align:left;padding:30px 0 30px 0;\" >\n<div class=\"standard_wrapper\">\n<div class=\"page_content_wrapper\">\n<div class=\"inner\">\n<div style=\"margin:auto;width:100%\">\n<h2 class=\"ppb_title\" style=\"\">Photographe freelance r\u00e9put\u00e9 pour ses capacit\u00e9s en photomontage PUB et photo manipulation<\/h2>\n<hr class=\"title_break left\" style=\"\"\/>\n<div class=\"ppb_header_content\">\n<p style=\"text-align: center;\"><strong>Le Photomontage et la photo manipulation au service de votre cr\u00e9ativit\u00e9 !\u00a0 Un Art qui permet de fusionner les univers entre eux et ainsi donner naissance \u00e0 des photographie ou campagnes publicitaires \u00e9tonnantes et d\u00e9cal\u00e9es.<\/strong><\/p>\n<p>Voici plusieurs exemples de photos <a href=\"https:\/\/fr.wikipedia.org\/wiki\/Retouche_d%27image\" target=\"_blank\" rel=\"noopener\">manipulations<\/a> r\u00e9alis\u00e9es dans le cadre de commande professionnelle et r\u00e9flexion personnel. Ils pr\u00e9sentent des photomontages o\u00f9 tout est permis ! Des visuels ou l\u2019imagination r\u00e8gne en ma\u00eetre ! Des images dans lesquelles la post production part \u00e0 l\u2019aventure et ne se donne que pour seule limite sa cr\u00e9ativit\u00e9.<\/p>\n<p style=\"text-align: center;\"><a class=\"button small \" onclick=\"window.open('https:\/\/nyanpereira.fr\/dessinateur\/devis-en-ligne\/devis-tarifs-photographe-publicitaire-photomontage-studio-retouche-post-production-numerique\/', '_self')\">DEVIS en ligne<\/a><\/p>\n<\/div>\n<\/div>\n<\/div>\n<\/div>\n<\/div>\n<\/div>\n<div class=\"standard_wrapper\">\n<div  class=\"one_half withsmallpadding ppb_text\" style=\"padding:30px 0 30px 0;\" >\n<div class=\"standard_wrapper\">\n<div class=\"page_content_wrapper\">\n<div class=\"inner\">\n<div style=\"margin:auto;width:100%\">\n<p style=\"text-align: center;\">\n<div class=\"video-container\"><iframe loading=\"lazy\" src=\"https:\/\/player.vimeo.com\/video\/325634596?title=0&amp;byline=0&amp;portrait=0\" width=\"560\" height=\"315\" frameborder=\"0\" webkitallowfullscreen mozallowfullscreen allowfullscreen><\/iframe><\/div>\n<\/p>\n<\/div>\n<\/div>\n<\/div>\n<\/div>\n<\/div>\n<\/div>\n<div class=\"standard_wrapper\">\n<div  class=\"one_half last withsmallpadding ppb_text\" style=\"padding:30px 0 30px 0;\" >\n<div class=\"standard_wrapper\">\n<div class=\"page_content_wrapper\">\n<div class=\"inner\">\n<div style=\"margin:auto;width:100%\">\n<p style=\"text-align: center;\">\n<div class=\"video-container\"><iframe loading=\"lazy\" src=\"https:\/\/player.vimeo.com\/video\/385256595?title=0&amp;byline=0&amp;portrait=0\" width=\"560\" height=\"315\" frameborder=\"0\" webkitallowfullscreen mozallowfullscreen allowfullscreen><\/iframe><\/div>\n<\/p>\n<\/div>\n<\/div>\n<\/div>\n<\/div>\n<\/div>\n<\/div>\n<div class=\"standard_wrapper\">\n<div  class=\"one_half last withsmallpadding ppb_text\" style=\"padding:30px 0 30px 0;\" >\n<div class=\"standard_wrapper\">\n<div class=\"page_content_wrapper\">\n<div class=\"inner\">\n<div style=\"margin:auto;width:100%\">\n<p style=\"text-align: center;\">\n<div class=\"video-container\"><iframe loading=\"lazy\" src=\"https:\/\/player.vimeo.com\/video\/385256595?title=0&amp;byline=0&amp;portrait=0\" width=\"560\" height=\"315\" frameborder=\"0\" webkitallowfullscreen mozallowfullscreen allowfullscreen><\/iframe><\/div>\n<\/p>\n<\/div>\n<\/div>\n<\/div>\n<\/div>\n<\/div>\n<\/div>\n<div class=\"standard_wrapper\">\n<div  class=\"one_third withsmallpadding ppb_text\" style=\"padding:30px 0 30px 0;\" >\n<div class=\"standard_wrapper\">\n<div class=\"page_content_wrapper\">\n<div class=\"inner\">\n<div style=\"margin:auto;width:100%\">\n<p><img loading=\"lazy\" class=\"size-full wp-image-7784 aligncenter\" src=\"https:\/\/nyanpereira.fr\/dessinateur\/wp-content\/uploads\/2020\/02\/11.campagnecovering.dragon.got_.s8.fr_.phtographe.studio.freelance.paris_.publicite.france.pdf-min.jpg\" alt=\"photo manipulation campagne covering europcar dragon got-s8 HBO photographe studio freelance.paris\" width=\"650\" height=\"945\" \/><\/p>\n<\/div>\n<\/div>\n<\/div>\n<\/div>\n<\/div>\n<\/div>\n<div class=\"standard_wrapper\">\n<div  class=\"two_third last withsmallpadding ppb_text\" style=\"padding:30px 0 30px 0;\" >\n<div class=\"standard_wrapper\">\n<div class=\"page_content_wrapper\">\n<div class=\"inner\">\n<div style=\"margin:auto;width:100%\">\n<h3><strong>Les principales \u00e9tapes d\u2019un photomontage pub r\u00e9ussi<\/strong> :<\/h3>\n<p><strong>1\u2013 Le concept<\/strong> : R\u00e9fl\u00e9chir \u00e0 une id\u00e9e, \u00e0 une probl\u00e9matique puis la dessiner.<br \/>\nLe dessin permet de cr\u00e9ativement s\u2019exprimer sans \u00eatre se brid\u00e9 par la technique ! Il d\u00e9finit aussi les grandes lignes qui composent le concept de l\u2019illusion : <span style=\"color: #999999;\"><em>Les personnages, leurs attitudes, le stylisme, l\u2019espace, le lieux, les volumes, les ombres et les lumi\u00e8res, les textures, les paysages, etc\u2026 Bref les d\u00e9tails.<\/em><\/span><\/p>\n<p><strong>2\u2013 La r\u00e9alisation des photos<\/strong> : Trouvez les espaces, des volontaires et fabriquer les \u00e9l\u00e9ments n\u00e9cessaires \u00e0 la photographie. Puis r\u00e9aliser vos clich\u00e9s en gardant toujours \u00e0 l\u2019esprit l\u2019orientation de la lumi\u00e8re. Afin que tous les \u00e9l\u00e9ments aient la m\u00eames zone d\u2019ombre et de lumi\u00e8re pour obtenir le rendu le plus r\u00e9aliste possible. <strong>La coh\u00e9rence de la lumi\u00e8re est la base de toute illusion photographique ! <\/strong><\/p>\n<p><strong>3\u2013 L\u2019assemblage <\/strong>: Composez votre visuel arm\u00e9 de patience. Cela peut prendre quelques jours voir plusieurs semaines. Mais ce \u00ab puzzle g\u00e9ant \u00bb parfois <strong>compos\u00e9 de plus de 800 clich\u00e9s pour certain photomontage.<\/strong> Un jeux de patience qui vous permettra de fusionner les univers entre eux et ainsi donner naissance \u00e0 des visuels ou des campagnes publicitaires \u00e9tonnantes, d\u00e9cal\u00e9es voir surr\u00e9alistes.<\/p>\n<p style=\"text-align: center;\"><em><span style=\"color: #999999;\">Voici des exemples de PHOTOMONTAGE PUB\u00a0 &#038; Photo Manipulation<\/span><\/em><\/p>\n<\/div>\n<\/div>\n<\/div>\n<\/div>\n<\/div>\n<\/div>\n<div class=\"standard_wrapper\">\n<div  class=\"two_third last withsmallpadding ppb_text\" style=\"padding:30px 0 30px 0;\" >\n<div class=\"standard_wrapper\">\n<div class=\"page_content_wrapper\">\n<div class=\"inner\">\n<div style=\"margin:auto;width:100%\">\n<h3><strong>Les principales \u00e9tapes d\u2019un photomontage pub r\u00e9ussi<\/strong> :<\/h3>\n<p><strong>1\u2013 Le concept<\/strong> : R\u00e9fl\u00e9chir \u00e0 une id\u00e9e, \u00e0 une probl\u00e9matique puis la dessiner.<br \/>\nLe dessin permet de cr\u00e9ativement s\u2019exprimer sans \u00eatre se brid\u00e9 par la technique ! Il d\u00e9finit aussi les grandes lignes qui composent le concept de l\u2019illusion : <span style=\"color: #999999;\"><em>Les personnages, leurs attitudes, le stylisme, l\u2019espace, le lieux, les volumes, les ombres et les lumi\u00e8res, les textures, les paysages, etc\u2026 Bref les d\u00e9tails.<\/em><\/span><\/p>\n<p><strong>2\u2013 La r\u00e9alisation des photos<\/strong> : Trouvez les espaces, des volontaires et fabriquer les \u00e9l\u00e9ments n\u00e9cessaires \u00e0 la photographie. Puis r\u00e9aliser vos clich\u00e9s en gardant toujours \u00e0 l\u2019esprit l\u2019orientation de la lumi\u00e8re. Afin que tous les \u00e9l\u00e9ments aient la m\u00eames zone d\u2019ombre et de lumi\u00e8re pour obtenir le rendu le plus r\u00e9aliste possible. <strong>La coh\u00e9rence de la lumi\u00e8re est la base de toute illusion photographique ! <\/strong><\/p>\n<p><strong>3\u2013 L\u2019assemblage <\/strong>: Composez votre visuel arm\u00e9 de patience. Cela peut prendre quelques jours voir plusieurs semaines. Mais ce \u00ab puzzle g\u00e9ant \u00bb parfois <strong>compos\u00e9 de plus de 800 clich\u00e9s pour certain photomontage.<\/strong> Un jeux de patience qui vous permettra de fusionner les univers entre eux et ainsi donner naissance \u00e0 des visuels ou des campagnes publicitaires \u00e9tonnantes, d\u00e9cal\u00e9es voir surr\u00e9alistes.<\/p>\n<p style=\"text-align: center;\"><em><span style=\"color: #999999;\">Voici des exemples de PHOTOMONTAGE PUB\u00a0 &#038; Photo Manipulation<\/span><\/em><\/p>\n<\/div>\n<\/div>\n<\/div>\n<\/div>\n<\/div>\n<\/div>\n","protected":false},"excerpt":{"rendered":"","protected":false},"author":1,"featured_media":7130,"parent":7339,"menu_order":0,"comment_status":"closed","ping_status":"closed","template":"","meta":[],"yoast_head":"<!-- This site is optimized with the Yoast SEO plugin v17.9 - https:\/\/yoast.com\/wordpress\/plugins\/seo\/ -->\n<title>PHOTOMONTAGE PUB &amp; Photo Manipulation \/ Photographe freelance<\/title>\n<meta name=\"description\" content=\"PhotoMontage pub &amp; Photo Manipulation sur\u00e9aliste : Photographe freelance r\u00e9put\u00e9 pour ses capacit\u00e9s en retouche photo, Post Production \u00e0 Paris et Nice\" \/>\n<meta name=\"robots\" content=\"index, follow, max-snippet:-1, max-image-preview:large, max-video-preview:-1\" \/>\n<link rel=\"canonical\" href=\"https:\/\/nyanpereira.fr\/dessinateur\/gallery\/photoroughs-photographie-photomontage-region-paca\/\" \/>\n<meta property=\"og:locale\" content=\"fr_FR\" \/>\n<meta property=\"og:type\" content=\"article\" \/>\n<meta property=\"og:title\" content=\"PHOTOMONTAGE PUB &amp; Photo Manipulation \/ Photographe freelance\" \/>\n<meta property=\"og:description\" content=\"PhotoMontage pub &amp; Photo Manipulation sur\u00e9aliste : Photographe freelance r\u00e9put\u00e9 pour ses capacit\u00e9s en retouche photo, Post Production \u00e0 Paris et Nice\" \/>\n<meta property=\"og:url\" content=\"https:\/\/nyanpereira.fr\/dessinateur\/gallery\/photoroughs-photographie-photomontage-region-paca\/\" \/>\n<meta property=\"og:site_name\" content=\"Service Cr\u00e9atif &amp; Pr\u00e9sentation Artistique\" \/>\n<meta property=\"article:modified_time\" content=\"2021-04-20T12:30:36+00:00\" \/>\n<meta property=\"og:image\" content=\"https:\/\/nyanpereira.fr\/dessinateur\/wp-content\/uploads\/2020\/01\/Menu.gellerie.photomontage.jpg\" \/>\n\t<meta property=\"og:image:width\" content=\"360\" \/>\n\t<meta property=\"og:image:height\" content=\"271\" \/>\n\t<meta property=\"og:image:type\" content=\"image\/jpeg\" \/>\n<meta name=\"twitter:card\" content=\"summary_large_image\" \/>\n<meta name=\"twitter:label1\" content=\"Dur\u00e9e de lecture estim\u00e9e\" \/>\n\t<meta name=\"twitter:data1\" content=\"3 minutes\" \/>\n<script type=\"application\/ld+json\" class=\"yoast-schema-graph\">{\"@context\":\"https:\/\/schema.org\",\"@graph\":[{\"@type\":\"Organization\",\"@id\":\"https:\/\/nyanpereira.fr\/dessinateur\/#organization\",\"name\":\"storyboarder Freelance\",\"url\":\"https:\/\/nyanpereira.fr\/dessinateur\/\",\"sameAs\":[],\"logo\":{\"@type\":\"ImageObject\",\"@id\":\"https:\/\/nyanpereira.fr\/dessinateur\/#logo\",\"inLanguage\":\"fr-FR\",\"url\":\"\",\"contentUrl\":\"\",\"caption\":\"storyboarder Freelance\"},\"image\":{\"@id\":\"https:\/\/nyanpereira.fr\/dessinateur\/#logo\"}},{\"@type\":\"WebSite\",\"@id\":\"https:\/\/nyanpereira.fr\/dessinateur\/#website\",\"url\":\"https:\/\/nyanpereira.fr\/dessinateur\/\",\"name\":\"Service Cr\\u00e9atif &amp; Pr\\u00e9sentation Artistique\",\"description\":\"Roughs, Storyboard, Antimatic &amp; Photomontage\",\"publisher\":{\"@id\":\"https:\/\/nyanpereira.fr\/dessinateur\/#organization\"},\"potentialAction\":[{\"@type\":\"SearchAction\",\"target\":{\"@type\":\"EntryPoint\",\"urlTemplate\":\"https:\/\/nyanpereira.fr\/dessinateur\/?s={search_term_string}\"},\"query-input\":\"required name=search_term_string\"}],\"inLanguage\":\"fr-FR\"},{\"@type\":\"ImageObject\",\"@id\":\"https:\/\/nyanpereira.fr\/dessinateur\/gallery\/photoroughs-photographie-photomontage-region-paca\/#primaryimage\",\"inLanguage\":\"fr-FR\",\"url\":\"https:\/\/nyanpereira.fr\/dessinateur\/wp-content\/uploads\/2020\/01\/Menu.gellerie.photomontage.jpg\",\"contentUrl\":\"https:\/\/nyanpereira.fr\/dessinateur\/wp-content\/uploads\/2020\/01\/Menu.gellerie.photomontage.jpg\",\"width\":360,\"height\":271,\"caption\":\"Menu.gellerie.photomontage.photographe.pub\"},{\"@type\":\"WebPage\",\"@id\":\"https:\/\/nyanpereira.fr\/dessinateur\/gallery\/photoroughs-photographie-photomontage-region-paca\/#webpage\",\"url\":\"https:\/\/nyanpereira.fr\/dessinateur\/gallery\/photoroughs-photographie-photomontage-region-paca\/\",\"name\":\"PHOTOMONTAGE PUB & Photo Manipulation \/ Photographe freelance\",\"isPartOf\":{\"@id\":\"https:\/\/nyanpereira.fr\/dessinateur\/#website\"},\"primaryImageOfPage\":{\"@id\":\"https:\/\/nyanpereira.fr\/dessinateur\/gallery\/photoroughs-photographie-photomontage-region-paca\/#primaryimage\"},\"datePublished\":\"2020-03-06T13:52:47+00:00\",\"dateModified\":\"2021-04-20T12:30:36+00:00\",\"description\":\"PhotoMontage pub & Photo Manipulation sur\\u00e9aliste : Photographe freelance r\\u00e9put\\u00e9 pour ses capacit\\u00e9s en retouche photo, Post Production \\u00e0 Paris et Nice\",\"breadcrumb\":{\"@id\":\"https:\/\/nyanpereira.fr\/dessinateur\/gallery\/photoroughs-photographie-photomontage-region-paca\/#breadcrumb\"},\"inLanguage\":\"fr-FR\",\"potentialAction\":[{\"@type\":\"ReadAction\",\"target\":[\"https:\/\/nyanpereira.fr\/dessinateur\/gallery\/photoroughs-photographie-photomontage-region-paca\/\"]}]},{\"@type\":\"BreadcrumbList\",\"@id\":\"https:\/\/nyanpereira.fr\/dessinateur\/gallery\/photoroughs-photographie-photomontage-region-paca\/#breadcrumb\",\"itemListElement\":[{\"@type\":\"ListItem\",\"position\":1,\"name\":\"Accueil\",\"item\":\"https:\/\/nyanpereira.fr\/dessinateur\/\"},{\"@type\":\"ListItem\",\"position\":2,\"name\":\"Gallery\",\"item\":\"https:\/\/nyanpereira.fr\/dessinateur\/gallery\/\"},{\"@type\":\"ListItem\",\"position\":3,\"name\":\"PhotoMontage PUB &#038; Photo Manipulation\"}]}]}<\/script>\n<!-- \/ Yoast SEO plugin. -->","yoast_head_json":{"title":"PHOTOMONTAGE PUB & Photo Manipulation \/ Photographe freelance","description":"PhotoMontage pub & Photo Manipulation sur\u00e9aliste : Photographe freelance r\u00e9put\u00e9 pour ses capacit\u00e9s en retouche photo, Post Production \u00e0 Paris et Nice","robots":{"index":"index","follow":"follow","max-snippet":"max-snippet:-1","max-image-preview":"max-image-preview:large","max-video-preview":"max-video-preview:-1"},"canonical":"https:\/\/nyanpereira.fr\/dessinateur\/gallery\/photoroughs-photographie-photomontage-region-paca\/","og_locale":"fr_FR","og_type":"article","og_title":"PHOTOMONTAGE PUB & Photo Manipulation \/ Photographe freelance","og_description":"PhotoMontage pub & Photo Manipulation sur\u00e9aliste : Photographe freelance r\u00e9put\u00e9 pour ses capacit\u00e9s en retouche photo, Post Production \u00e0 Paris et Nice","og_url":"https:\/\/nyanpereira.fr\/dessinateur\/gallery\/photoroughs-photographie-photomontage-region-paca\/","og_site_name":"Service Cr\u00e9atif &amp; Pr\u00e9sentation Artistique","article_modified_time":"2021-04-20T12:30:36+00:00","og_image":[{"width":360,"height":271,"url":"https:\/\/nyanpereira.fr\/dessinateur\/wp-content\/uploads\/2020\/01\/Menu.gellerie.photomontage.jpg","type":"image\/jpeg"}],"twitter_card":"summary_large_image","twitter_misc":{"Dur\u00e9e de lecture estim\u00e9e":"3 minutes"},"schema":{"@context":"https:\/\/schema.org","@graph":[{"@type":"Organization","@id":"https:\/\/nyanpereira.fr\/dessinateur\/#organization","name":"storyboarder Freelance","url":"https:\/\/nyanpereira.fr\/dessinateur\/","sameAs":[],"logo":{"@type":"ImageObject","@id":"https:\/\/nyanpereira.fr\/dessinateur\/#logo","inLanguage":"fr-FR","url":"","contentUrl":"","caption":"storyboarder Freelance"},"image":{"@id":"https:\/\/nyanpereira.fr\/dessinateur\/#logo"}},{"@type":"WebSite","@id":"https:\/\/nyanpereira.fr\/dessinateur\/#website","url":"https:\/\/nyanpereira.fr\/dessinateur\/","name":"Service Cr\u00e9atif &amp; Pr\u00e9sentation Artistique","description":"Roughs, Storyboard, Antimatic &amp; Photomontage","publisher":{"@id":"https:\/\/nyanpereira.fr\/dessinateur\/#organization"},"potentialAction":[{"@type":"SearchAction","target":{"@type":"EntryPoint","urlTemplate":"https:\/\/nyanpereira.fr\/dessinateur\/?s={search_term_string}"},"query-input":"required name=search_term_string"}],"inLanguage":"fr-FR"},{"@type":"ImageObject","@id":"https:\/\/nyanpereira.fr\/dessinateur\/gallery\/photoroughs-photographie-photomontage-region-paca\/#primaryimage","inLanguage":"fr-FR","url":"https:\/\/nyanpereira.fr\/dessinateur\/wp-content\/uploads\/2020\/01\/Menu.gellerie.photomontage.jpg","contentUrl":"https:\/\/nyanpereira.fr\/dessinateur\/wp-content\/uploads\/2020\/01\/Menu.gellerie.photomontage.jpg","width":360,"height":271,"caption":"Menu.gellerie.photomontage.photographe.pub"},{"@type":"WebPage","@id":"https:\/\/nyanpereira.fr\/dessinateur\/gallery\/photoroughs-photographie-photomontage-region-paca\/#webpage","url":"https:\/\/nyanpereira.fr\/dessinateur\/gallery\/photoroughs-photographie-photomontage-region-paca\/","name":"PHOTOMONTAGE PUB & Photo Manipulation \/ Photographe freelance","isPartOf":{"@id":"https:\/\/nyanpereira.fr\/dessinateur\/#website"},"primaryImageOfPage":{"@id":"https:\/\/nyanpereira.fr\/dessinateur\/gallery\/photoroughs-photographie-photomontage-region-paca\/#primaryimage"},"datePublished":"2020-03-06T13:52:47+00:00","dateModified":"2021-04-20T12:30:36+00:00","description":"PhotoMontage pub & Photo Manipulation sur\u00e9aliste : Photographe freelance r\u00e9put\u00e9 pour ses capacit\u00e9s en retouche photo, Post Production \u00e0 Paris et Nice","breadcrumb":{"@id":"https:\/\/nyanpereira.fr\/dessinateur\/gallery\/photoroughs-photographie-photomontage-region-paca\/#breadcrumb"},"inLanguage":"fr-FR","potentialAction":[{"@type":"ReadAction","target":["https:\/\/nyanpereira.fr\/dessinateur\/gallery\/photoroughs-photographie-photomontage-region-paca\/"]}]},{"@type":"BreadcrumbList","@id":"https:\/\/nyanpereira.fr\/dessinateur\/gallery\/photoroughs-photographie-photomontage-region-paca\/#breadcrumb","itemListElement":[{"@type":"ListItem","position":1,"name":"Accueil","item":"https:\/\/nyanpereira.fr\/dessinateur\/"},{"@type":"ListItem","position":2,"name":"Gallery","item":"https:\/\/nyanpereira.fr\/dessinateur\/gallery\/"},{"@type":"ListItem","position":3,"name":"PhotoMontage PUB &#038; Photo Manipulation"}]}]}},"_links":{"self":[{"href":"https:\/\/nyanpereira.fr\/dessinateur\/wp-json\/wp\/v2\/pages\/7374"}],"collection":[{"href":"https:\/\/nyanpereira.fr\/dessinateur\/wp-json\/wp\/v2\/pages"}],"about":[{"href":"https:\/\/nyanpereira.fr\/dessinateur\/wp-json\/wp\/v2\/types\/page"}],"author":[{"embeddable":true,"href":"https:\/\/nyanpereira.fr\/dessinateur\/wp-json\/wp\/v2\/users\/1"}],"replies":[{"embeddable":true,"href":"https:\/\/nyanpereira.fr\/dessinateur\/wp-json\/wp\/v2\/comments?post=7374"}],"version-history":[{"count":164,"href":"https:\/\/nyanpereira.fr\/dessinateur\/wp-json\/wp\/v2\/pages\/7374\/revisions"}],"predecessor-version":[{"id":9380,"href":"https:\/\/nyanpereira.fr\/dessinateur\/wp-json\/wp\/v2\/pages\/7374\/revisions\/9380"}],"up":[{"embeddable":true,"href":"https:\/\/nyanpereira.fr\/dessinateur\/wp-json\/wp\/v2\/pages\/7339"}],"wp:featuredmedia":[{"embeddable":true,"href":"https:\/\/nyanpereira.fr\/dessinateur\/wp-json\/wp\/v2\/media\/7130"}],"wp:attachment":[{"href":"https:\/\/nyanpereira.fr\/dessinateur\/wp-json\/wp\/v2\/media?parent=7374"}],"curies":[{"name":"wp","href":"https:\/\/api.w.org\/{rel}","templated":true}]}}