{"id":7343,"date":"2020-03-06T14:39:10","date_gmt":"2020-03-06T13:39:10","guid":{"rendered":"https:\/\/preprod.nyanpereira.fr\/?page_id=7343"},"modified":"2021-04-20T13:29:10","modified_gmt":"2021-04-20T12:29:10","slug":"roughman-dessinnateur-croquis-crayon-papier-paris","status":"publish","type":"page","link":"https:\/\/nyanpereira.fr\/dessinateur\/gallery\/roughman-dessinnateur-croquis-crayon-papier-paris\/","title":{"rendered":"Rough &#038; Sketch"},"content":{"rendered":"<div  class=\"one withsmallpadding ppb_header \" style=\"text-align:left;padding:30px 0 30px 0;\" >\n<div class=\"standard_wrapper\">\n<div class=\"page_content_wrapper\">\n<div class=\"inner\">\n<div style=\"margin:auto;width:100%\">\n<h2 class=\"ppb_title\" style=\"\">Rough &amp; Sketch<\/h2>\n<hr class=\"title_break left\" style=\"\"\/>\n<div class=\"ppb_header_content\">\n<p style=\"text-align: center;\">Rough, sketch ou croquis ils sont une courte repr\u00e9sentation des diff\u00e9rents cadrages de camera. Ils sont le fil conducteur entre l\u2019\u00e9criture et l\u2019image.<\/p>\n<p style=\"text-align: center;\"><a class=\"button small \" onclick=\"window.open('https:\/\/nyanpereira.fr\/dessinateur\/devis-en-ligne\/tarifs-creation-rough-storyboard-freelance\/', '_self')\">Demander un devis.<\/a><\/p>\n<\/div>\n<\/div>\n<\/div>\n<\/div>\n<\/div>\n<\/div>\n<div  class=\"one withsmallpadding ppb_header \" style=\"text-align:left;padding:30px 0 30px 0;\" >\n<div class=\"standard_wrapper\">\n<div class=\"page_content_wrapper\">\n<div class=\"inner\">\n<div style=\"margin:auto;width:100%\">\n<h2 class=\"ppb_title\" style=\"\">Rough &amp; Sketch<\/h2>\n<hr class=\"title_break left\" style=\"\"\/>\n<div class=\"ppb_header_content\">\n<p style=\"text-align: center;\">Rough, sketch ou croquis ils sont une courte repr\u00e9sentation des diff\u00e9rents cadrages de camera. Ils sont le fil conducteur entre l\u2019\u00e9criture et l\u2019image.<\/p>\n<p style=\"text-align: center;\"><a class=\"button small \" onclick=\"window.open('https:\/\/nyanpereira.fr\/dessinateur\/devis-en-ligne\/tarifs-creation-rough-storyboard-freelance\/', '_self')\">Demander un devis.<\/a><\/p>\n<\/div>\n<\/div>\n<\/div>\n<\/div>\n<\/div>\n<\/div>\n<div class=\"standard_wrapper\">\n<div  class=\"two_third withsmallpadding ppb_text\" style=\"padding:30px 0 30px 0;\" >\n<div class=\"standard_wrapper\">\n<div class=\"page_content_wrapper\">\n<div class=\"inner\">\n<div style=\"margin:auto;width:100%\">\n<h4><span style=\"color: #000000;\"><strong><span style=\"color: #663399;\">Roughman Freelance <\/span> &#8211; Dessinateur marketing<br \/>\n<\/strong><\/span><\/h4>\n<p>Storyboarder freelance bas\u00e9 sur la c\u00f4te d&rsquo;Azur, originaire de Paris en France. J\u2019ai v\u00e9cu mon enfance entre la culture du manga, du rough sketch et l&rsquo;univers du jeux vid\u00e9o. Descendu \u00e0 Toulon dans le Var en 2000 pour un BTS en communication visuelle option PRINT. Je suis naturellement retourner \u00e0 Paris faire mes armes en agence et apprendre le m\u00e9tier de directeur artistique.<\/p>\n<p>Apr\u00e8s 5 ans en agence de communication, chez <a href=\"https:\/\/www.vmlyr.com\/\">Youg &#038; Rubicam Paris<\/a> et <a href=\"https:\/\/betc.com\/fr\/\">BETC<\/a> Euro RSCG \u00e0 peaufiner ma m\u00e9thodologie et mes connaissances au gr\u00e9 de charrettes, de comp\u00e8tes et d&rsquo; opportunit\u00e9s ! Opportunit\u00e9s Artistique qui m&rsquo;ont apprises \u00e0<strong> piloter une campagne publicitaires de la conception \u00e0 la production via le storyboarding. <\/strong><span style=\"color: #999999;\"><em>Exemple de campagne : ( DANONE, D\u00c9CATHLON, COLGATE, AFFLELOU, CANAL+, LA POSTE, EUROPCAR, JCB, GAMME VERT, NIVEA&#8230;).<\/em><\/span><\/p>\n<h6><span style=\"color: #663399;\"><strong>Savez-vous que la forme compte autant que le fond et qu&rsquo;un projet bien pr\u00e9sent\u00e9 a deux fois plus de chance d\u2019\u00eatre s\u00e9lection\u00e9 ?<\/strong><\/span><\/h6>\n<p>C\u2019est sur ce constat que j&rsquo;ai chang\u00e9 de strat\u00e9gie et d\u00e9velopp\u00e9 mon storyboarding. Voil\u00e0 bient\u00f4t 9 ans que j&rsquo;exerce le passionnant m\u00e9tier de <strong>concepteur de storyboard<\/strong>. Mes projets ainsi que de mon parcours professionnel touchant \u00e0 la communication <strong>m\u00e9dia &#038; Hors m\u00e9dia<\/strong>. Aujourd&rsquo;hui, mon travail se traduit par un m\u00e9lange de style voyageant entre la Publicit\u00e9, le cin\u00e9ma et la Photographie. <span style=\"color: #999999;\">( exemple : Animatics, Photomontage, story-boarding, sc\u00e9nographie&#8230;)<\/span> <strong>C\u2019est un travail de recherches, ou en tant que story-boarder, je r\u00e9alise quantit\u00e9 de croquis pour essayer de transposer vos id\u00e9es.<\/strong> Je prends part aux nombreuses recherches artistiques qui donnent lieu \u00e0 la pr\u00e9paration et la pr\u00e9sentation d&rsquo;un projet.<\/p>\n<\/div>\n<\/div>\n<\/div>\n<\/div>\n<\/div>\n<\/div>\n<div class=\"standard_wrapper\">\n<div  class=\"one_third last withsmallpadding ppb_text\" style=\"padding:30px 0 30px 0;\" >\n<div class=\"standard_wrapper\">\n<div class=\"page_content_wrapper\">\n<div class=\"inner\">\n<div style=\"margin:auto;width:100%\">\n<p><a href=\"https:\/\/nyanpereira.fr\/dessinateur\/journal-actualites-news-dessinateur-motion-designer-freelance\/\"><img loading=\"lazy\" class=\"size-full wp-image-7856 aligncenter\" src=\"https:\/\/nyanpereira.fr\/dessinateur\/wp-content\/uploads\/2020\/04\/storyboarderprofessionnel.film_.plage_.ete_.vacance-min.jpg\" alt=\"Storyboard publicitaire - Mister Cocktails\" width=\"650\" height=\"945\" \/><\/a><\/p>\n<\/div>\n<\/div>\n<\/div>\n<\/div>\n<\/div>\n<\/div>\n<div class=\"standard_wrapper\">\n<div  class=\"one_third last withsmallpadding ppb_text\" style=\"padding:30px 0 30px 0;\" >\n<div class=\"standard_wrapper\">\n<div class=\"page_content_wrapper\">\n<div class=\"inner\">\n<div style=\"margin:auto;width:100%\">\n<p><a href=\"https:\/\/nyanpereira.fr\/dessinateur\/journal-actualites-news-dessinateur-motion-designer-freelance\/\"><img loading=\"lazy\" class=\"size-full wp-image-7856 aligncenter\" src=\"https:\/\/nyanpereira.fr\/dessinateur\/wp-content\/uploads\/2020\/04\/storyboarderprofessionnel.film_.plage_.ete_.vacance-min.jpg\" alt=\"Storyboard publicitaire - Mister Cocktails\" width=\"650\" height=\"945\" \/><\/a><\/p>\n<\/div>\n<\/div>\n<\/div>\n<\/div>\n<\/div>\n<\/div>\n","protected":false},"excerpt":{"rendered":"","protected":false},"author":1,"featured_media":7126,"parent":7339,"menu_order":0,"comment_status":"closed","ping_status":"closed","template":"","meta":[],"yoast_head":"<!-- This site is optimized with the Yoast SEO plugin v17.9 - https:\/\/yoast.com\/wordpress\/plugins\/seo\/ -->\n<title>Rough &amp; Sketch - Evolution of Sketching \/ Storyboarding \u00e0 PARIS<\/title>\n<meta name=\"description\" content=\"Rough Sketch : La forme compte autant que le fond et un projets bien pr\u00e9sent\u00e9 \u00e0 deux fois plus de chance d\u2019\u00eatre s\u00e9lection ! Roughman Freelance \u00e0 Paris\" \/>\n<meta name=\"robots\" content=\"index, follow, max-snippet:-1, max-image-preview:large, max-video-preview:-1\" \/>\n<link rel=\"canonical\" href=\"https:\/\/nyanpereira.fr\/dessinateur\/gallery\/roughman-dessinnateur-croquis-crayon-papier-paris\/\" \/>\n<meta property=\"og:locale\" content=\"fr_FR\" \/>\n<meta property=\"og:type\" content=\"article\" \/>\n<meta property=\"og:title\" content=\"Rough &amp; Sketch - Evolution of Sketching \/ Storyboarding \u00e0 PARIS\" \/>\n<meta property=\"og:description\" content=\"Rough Sketch : La forme compte autant que le fond et un projets bien pr\u00e9sent\u00e9 \u00e0 deux fois plus de chance d\u2019\u00eatre s\u00e9lection ! Roughman Freelance \u00e0 Paris\" \/>\n<meta property=\"og:url\" content=\"https:\/\/nyanpereira.fr\/dessinateur\/gallery\/roughman-dessinnateur-croquis-crayon-papier-paris\/\" \/>\n<meta property=\"og:site_name\" content=\"Service Cr\u00e9atif &amp; Pr\u00e9sentation Artistique\" \/>\n<meta property=\"article:modified_time\" content=\"2021-04-20T12:29:10+00:00\" \/>\n<meta property=\"og:image\" content=\"https:\/\/nyanpereira.fr\/dessinateur\/wp-content\/uploads\/2020\/01\/Menu-7.croquis.storyboarder.freelance.professionnel.pub_.2.jpg\" \/>\n\t<meta property=\"og:image:width\" content=\"360\" \/>\n\t<meta property=\"og:image:height\" content=\"271\" \/>\n\t<meta property=\"og:image:type\" content=\"image\/jpeg\" \/>\n<meta name=\"twitter:card\" content=\"summary_large_image\" \/>\n<meta name=\"twitter:label1\" content=\"Dur\u00e9e de lecture estim\u00e9e\" \/>\n\t<meta name=\"twitter:data1\" content=\"2 minutes\" \/>\n<script type=\"application\/ld+json\" class=\"yoast-schema-graph\">{\"@context\":\"https:\/\/schema.org\",\"@graph\":[{\"@type\":\"Organization\",\"@id\":\"https:\/\/nyanpereira.fr\/dessinateur\/#organization\",\"name\":\"storyboarder Freelance\",\"url\":\"https:\/\/nyanpereira.fr\/dessinateur\/\",\"sameAs\":[],\"logo\":{\"@type\":\"ImageObject\",\"@id\":\"https:\/\/nyanpereira.fr\/dessinateur\/#logo\",\"inLanguage\":\"fr-FR\",\"url\":\"\",\"contentUrl\":\"\",\"caption\":\"storyboarder Freelance\"},\"image\":{\"@id\":\"https:\/\/nyanpereira.fr\/dessinateur\/#logo\"}},{\"@type\":\"WebSite\",\"@id\":\"https:\/\/nyanpereira.fr\/dessinateur\/#website\",\"url\":\"https:\/\/nyanpereira.fr\/dessinateur\/\",\"name\":\"Service Cr\\u00e9atif &amp; Pr\\u00e9sentation Artistique\",\"description\":\"Roughs, Storyboard, Antimatic &amp; Photomontage\",\"publisher\":{\"@id\":\"https:\/\/nyanpereira.fr\/dessinateur\/#organization\"},\"potentialAction\":[{\"@type\":\"SearchAction\",\"target\":{\"@type\":\"EntryPoint\",\"urlTemplate\":\"https:\/\/nyanpereira.fr\/dessinateur\/?s={search_term_string}\"},\"query-input\":\"required name=search_term_string\"}],\"inLanguage\":\"fr-FR\"},{\"@type\":\"ImageObject\",\"@id\":\"https:\/\/nyanpereira.fr\/dessinateur\/gallery\/roughman-dessinnateur-croquis-crayon-papier-paris\/#primaryimage\",\"inLanguage\":\"fr-FR\",\"url\":\"https:\/\/nyanpereira.fr\/dessinateur\/wp-content\/uploads\/2020\/01\/Menu-7.croquis.storyboarder.freelance.professionnel.pub_.2.jpg\",\"contentUrl\":\"https:\/\/nyanpereira.fr\/dessinateur\/wp-content\/uploads\/2020\/01\/Menu-7.croquis.storyboarder.freelance.professionnel.pub_.2.jpg\",\"width\":360,\"height\":271},{\"@type\":\"WebPage\",\"@id\":\"https:\/\/nyanpereira.fr\/dessinateur\/gallery\/roughman-dessinnateur-croquis-crayon-papier-paris\/#webpage\",\"url\":\"https:\/\/nyanpereira.fr\/dessinateur\/gallery\/roughman-dessinnateur-croquis-crayon-papier-paris\/\",\"name\":\"Rough & Sketch - Evolution of Sketching \/ Storyboarding \\u00e0 PARIS\",\"isPartOf\":{\"@id\":\"https:\/\/nyanpereira.fr\/dessinateur\/#website\"},\"primaryImageOfPage\":{\"@id\":\"https:\/\/nyanpereira.fr\/dessinateur\/gallery\/roughman-dessinnateur-croquis-crayon-papier-paris\/#primaryimage\"},\"datePublished\":\"2020-03-06T13:39:10+00:00\",\"dateModified\":\"2021-04-20T12:29:10+00:00\",\"description\":\"Rough Sketch : La forme compte autant que le fond et un projets bien pr\\u00e9sent\\u00e9 \\u00e0 deux fois plus de chance d\\u2019\\u00eatre s\\u00e9lection ! Roughman Freelance \\u00e0 Paris\",\"breadcrumb\":{\"@id\":\"https:\/\/nyanpereira.fr\/dessinateur\/gallery\/roughman-dessinnateur-croquis-crayon-papier-paris\/#breadcrumb\"},\"inLanguage\":\"fr-FR\",\"potentialAction\":[{\"@type\":\"ReadAction\",\"target\":[\"https:\/\/nyanpereira.fr\/dessinateur\/gallery\/roughman-dessinnateur-croquis-crayon-papier-paris\/\"]}]},{\"@type\":\"BreadcrumbList\",\"@id\":\"https:\/\/nyanpereira.fr\/dessinateur\/gallery\/roughman-dessinnateur-croquis-crayon-papier-paris\/#breadcrumb\",\"itemListElement\":[{\"@type\":\"ListItem\",\"position\":1,\"name\":\"Accueil\",\"item\":\"https:\/\/nyanpereira.fr\/dessinateur\/\"},{\"@type\":\"ListItem\",\"position\":2,\"name\":\"Gallery\",\"item\":\"https:\/\/nyanpereira.fr\/dessinateur\/gallery\/\"},{\"@type\":\"ListItem\",\"position\":3,\"name\":\"Rough &#038; Sketch\"}]}]}<\/script>\n<!-- \/ Yoast SEO plugin. -->","yoast_head_json":{"title":"Rough & Sketch - Evolution of Sketching \/ Storyboarding \u00e0 PARIS","description":"Rough Sketch : La forme compte autant que le fond et un projets bien pr\u00e9sent\u00e9 \u00e0 deux fois plus de chance d\u2019\u00eatre s\u00e9lection ! Roughman Freelance \u00e0 Paris","robots":{"index":"index","follow":"follow","max-snippet":"max-snippet:-1","max-image-preview":"max-image-preview:large","max-video-preview":"max-video-preview:-1"},"canonical":"https:\/\/nyanpereira.fr\/dessinateur\/gallery\/roughman-dessinnateur-croquis-crayon-papier-paris\/","og_locale":"fr_FR","og_type":"article","og_title":"Rough & Sketch - Evolution of Sketching \/ Storyboarding \u00e0 PARIS","og_description":"Rough Sketch : La forme compte autant que le fond et un projets bien pr\u00e9sent\u00e9 \u00e0 deux fois plus de chance d\u2019\u00eatre s\u00e9lection ! Roughman Freelance \u00e0 Paris","og_url":"https:\/\/nyanpereira.fr\/dessinateur\/gallery\/roughman-dessinnateur-croquis-crayon-papier-paris\/","og_site_name":"Service Cr\u00e9atif &amp; Pr\u00e9sentation Artistique","article_modified_time":"2021-04-20T12:29:10+00:00","og_image":[{"width":360,"height":271,"url":"https:\/\/nyanpereira.fr\/dessinateur\/wp-content\/uploads\/2020\/01\/Menu-7.croquis.storyboarder.freelance.professionnel.pub_.2.jpg","type":"image\/jpeg"}],"twitter_card":"summary_large_image","twitter_misc":{"Dur\u00e9e de lecture estim\u00e9e":"2 minutes"},"schema":{"@context":"https:\/\/schema.org","@graph":[{"@type":"Organization","@id":"https:\/\/nyanpereira.fr\/dessinateur\/#organization","name":"storyboarder Freelance","url":"https:\/\/nyanpereira.fr\/dessinateur\/","sameAs":[],"logo":{"@type":"ImageObject","@id":"https:\/\/nyanpereira.fr\/dessinateur\/#logo","inLanguage":"fr-FR","url":"","contentUrl":"","caption":"storyboarder Freelance"},"image":{"@id":"https:\/\/nyanpereira.fr\/dessinateur\/#logo"}},{"@type":"WebSite","@id":"https:\/\/nyanpereira.fr\/dessinateur\/#website","url":"https:\/\/nyanpereira.fr\/dessinateur\/","name":"Service Cr\u00e9atif &amp; Pr\u00e9sentation Artistique","description":"Roughs, Storyboard, Antimatic &amp; Photomontage","publisher":{"@id":"https:\/\/nyanpereira.fr\/dessinateur\/#organization"},"potentialAction":[{"@type":"SearchAction","target":{"@type":"EntryPoint","urlTemplate":"https:\/\/nyanpereira.fr\/dessinateur\/?s={search_term_string}"},"query-input":"required name=search_term_string"}],"inLanguage":"fr-FR"},{"@type":"ImageObject","@id":"https:\/\/nyanpereira.fr\/dessinateur\/gallery\/roughman-dessinnateur-croquis-crayon-papier-paris\/#primaryimage","inLanguage":"fr-FR","url":"https:\/\/nyanpereira.fr\/dessinateur\/wp-content\/uploads\/2020\/01\/Menu-7.croquis.storyboarder.freelance.professionnel.pub_.2.jpg","contentUrl":"https:\/\/nyanpereira.fr\/dessinateur\/wp-content\/uploads\/2020\/01\/Menu-7.croquis.storyboarder.freelance.professionnel.pub_.2.jpg","width":360,"height":271},{"@type":"WebPage","@id":"https:\/\/nyanpereira.fr\/dessinateur\/gallery\/roughman-dessinnateur-croquis-crayon-papier-paris\/#webpage","url":"https:\/\/nyanpereira.fr\/dessinateur\/gallery\/roughman-dessinnateur-croquis-crayon-papier-paris\/","name":"Rough & Sketch - Evolution of Sketching \/ Storyboarding \u00e0 PARIS","isPartOf":{"@id":"https:\/\/nyanpereira.fr\/dessinateur\/#website"},"primaryImageOfPage":{"@id":"https:\/\/nyanpereira.fr\/dessinateur\/gallery\/roughman-dessinnateur-croquis-crayon-papier-paris\/#primaryimage"},"datePublished":"2020-03-06T13:39:10+00:00","dateModified":"2021-04-20T12:29:10+00:00","description":"Rough Sketch : La forme compte autant que le fond et un projets bien pr\u00e9sent\u00e9 \u00e0 deux fois plus de chance d\u2019\u00eatre s\u00e9lection ! Roughman Freelance \u00e0 Paris","breadcrumb":{"@id":"https:\/\/nyanpereira.fr\/dessinateur\/gallery\/roughman-dessinnateur-croquis-crayon-papier-paris\/#breadcrumb"},"inLanguage":"fr-FR","potentialAction":[{"@type":"ReadAction","target":["https:\/\/nyanpereira.fr\/dessinateur\/gallery\/roughman-dessinnateur-croquis-crayon-papier-paris\/"]}]},{"@type":"BreadcrumbList","@id":"https:\/\/nyanpereira.fr\/dessinateur\/gallery\/roughman-dessinnateur-croquis-crayon-papier-paris\/#breadcrumb","itemListElement":[{"@type":"ListItem","position":1,"name":"Accueil","item":"https:\/\/nyanpereira.fr\/dessinateur\/"},{"@type":"ListItem","position":2,"name":"Gallery","item":"https:\/\/nyanpereira.fr\/dessinateur\/gallery\/"},{"@type":"ListItem","position":3,"name":"Rough &#038; Sketch"}]}]}},"_links":{"self":[{"href":"https:\/\/nyanpereira.fr\/dessinateur\/wp-json\/wp\/v2\/pages\/7343"}],"collection":[{"href":"https:\/\/nyanpereira.fr\/dessinateur\/wp-json\/wp\/v2\/pages"}],"about":[{"href":"https:\/\/nyanpereira.fr\/dessinateur\/wp-json\/wp\/v2\/types\/page"}],"author":[{"embeddable":true,"href":"https:\/\/nyanpereira.fr\/dessinateur\/wp-json\/wp\/v2\/users\/1"}],"replies":[{"embeddable":true,"href":"https:\/\/nyanpereira.fr\/dessinateur\/wp-json\/wp\/v2\/comments?post=7343"}],"version-history":[{"count":61,"href":"https:\/\/nyanpereira.fr\/dessinateur\/wp-json\/wp\/v2\/pages\/7343\/revisions"}],"predecessor-version":[{"id":9377,"href":"https:\/\/nyanpereira.fr\/dessinateur\/wp-json\/wp\/v2\/pages\/7343\/revisions\/9377"}],"up":[{"embeddable":true,"href":"https:\/\/nyanpereira.fr\/dessinateur\/wp-json\/wp\/v2\/pages\/7339"}],"wp:featuredmedia":[{"embeddable":true,"href":"https:\/\/nyanpereira.fr\/dessinateur\/wp-json\/wp\/v2\/media\/7126"}],"wp:attachment":[{"href":"https:\/\/nyanpereira.fr\/dessinateur\/wp-json\/wp\/v2\/media?parent=7343"}],"curies":[{"name":"wp","href":"https:\/\/api.w.org\/{rel}","templated":true}]}}