{"id":6889,"date":"2020-03-02T15:48:59","date_gmt":"2020-03-02T14:48:59","guid":{"rendered":"https:\/\/preprod.nyanpereira.fr\/?page_id=6889"},"modified":"2020-03-06T10:51:38","modified_gmt":"2020-03-06T09:51:38","slug":"roughman-storyboard-freelance-ile-de-france","status":"publish","type":"page","link":"https:\/\/nyanpereira.fr\/dessinateur\/roughman-storyboard-freelance-ile-de-france\/","title":{"rendered":"Services cr\u00e9atifs &#038; M\u00e9tiers artistiques"},"content":{"rendered":"<p>iledefrance<\/p>\n<h4><span style=\"color: #808080;\">Storyboarding &amp; Roughman Inspirations <\/span><\/h4>\n<hr \/>\n<h4><span style=\"color: #000000;\"><strong><span style=\"color: #663399;\">Roughman Freelance <\/span> &#8211; Dessinateur marketing<br \/>\n<\/strong><\/span><\/h4>\n<p>Storyboarder freelance bas\u00e9 sur la c\u00f4te d&rsquo;Azur, originaire de Paris en France. J\u2019ai v\u00e9cu mon enfance entre la culture du manga, du dessins anim\u00e9s et l&rsquo;univers du jeux vid\u00e9o. Arriv\u00e9e \u00e0 Toulon en 2000 pour finaliser un BTS en communication visuelle option PRINT, puis je suis naturellement retourner \u00e0 Paris faire mes armes en agence et apprendre le m\u00e9tier de directeur artistique.<\/p>\n<p>Apr\u00e8s 5 ans en agence de communication, chez <a href=\"https:\/\/www.vmlyr.com\/\">Youg &amp; Rubicam Paris<\/a> et <a href=\"https:\/\/betc.com\/fr\/\">BETC<\/a> Euro RSCG \u00e0 peaufiner ma m\u00e9thodologie et mes connaissances au gr\u00e9 de charrettes,\u00a0 de comp\u00e8tes et d&rsquo; opportunit\u00e9s ! Opportunit\u00e9s Artistique qui m&rsquo;ont apprises \u00e0<strong> piloter une campagne publicitaires de la conception \u00e0 la production via le storyboarding. <\/strong><span style=\"color: #999999;\"><em>Exemple de campagne : ( DANONE, D\u00c9CATHLON, COLGATE, AFFLELOU, CANAL+, LA POSTE, EUROPCAR, JCB, GAMME VERT, NIVEA&#8230;).<\/em><\/span><\/p>\n<h6><span style=\"color: #663399;\"><strong>Savez-vous que la forme\u00a0 compte autant que le fond et qu&rsquo;un projets\u00a0 bien pr\u00e9sent\u00e9 \u00e0 deux fois plus de chance d\u2019\u00eatre s\u00e9lection ?<\/strong><\/span><\/h6>\n<p>C\u2019est sur ce constat que j&rsquo;ai changer de strat\u00e9gie et d\u00e9velopper mon storyboarding. Voila bient\u00f4t 8 ans que j&rsquo;exerce le passionnant m\u00e9tier de <strong>concepteur de storyboard<\/strong>. Mes projets ainsi que de mon parcours professionnel touchant \u00e0 la communication <strong>m\u00e9dia &amp; Hors m\u00e9dia<\/strong>. Aujourd&rsquo;hui, mon travail se traduit par un m\u00e9lange de style voyageant entre la Publicit\u00e9, le cin\u00e9ma et la Photographie. <span style=\"color: #999999;\">( exemple : Animatics, Photomontage, story-boarding, sc\u00e9nographie&#8230;)<\/span> <strong>C\u2019est un travail de recherches, ou en tant que story-boarder, je r\u00e9alise quantit\u00e9 de croquis pour essayer de transposer vos id\u00e9es.<\/strong> Je prendre part aux nombreuses recherches artistiques qui donnent lieu la pr\u00e9paration et\u00a0 la pr\u00e9sentation d&rsquo;un projet.<\/p>\n<a class=\"button small \" style=\"background-color:#000000 !important;color:#ffffff !important;border:1px solid #000000 !important;\" onclick=\"window.open('http:\/\/nyanpereira.fr\/dessinateur\/gallery\/roughman-dessinnateur-crayon-papier-paris\/', '_self')\">Gall\u00e9rie Rough compl\u00e8te <\/a>\n<p>&nbsp;<\/p>\n<div id=\"attachment_4540\" style=\"width: 251px\" class=\"wp-caption alignleft\"><img aria-describedby=\"caption-attachment-4540\" loading=\"lazy\" class=\"wp-image-4540\" src=\"http:\/\/nyanpereira.fr\/dessinateur\/wp-content\/uploads\/2017\/03\/storyboarder.film_.vacance.iles_.ocean_.jpg\" alt=\"storyboarder.film.vacance.iles.ocean\" width=\"241\" height=\"377\" \/><p id=\"caption-attachment-4540\" class=\"wp-caption-text\">rough pub Mister Cocktails<\/p><\/div>\n<div id=\"attachment_4534\" style=\"width: 251px\" class=\"wp-caption alignleft\"><a href=\"https:\/\/preprod.nyanpereira.fr\/galleries\/storybording-metier-de-la-pub-et-du-cinema\/\"><img aria-describedby=\"caption-attachment-4534\" loading=\"lazy\" class=\"wp-image-4534\" src=\"http:\/\/nyanpereira.fr\/dessinateur\/wp-content\/uploads\/2017\/03\/storyboarder.croquis.film_.afrique.jpg\" alt=\"storyboarder.croquis.film.afrique\" width=\"241\" height=\"945\" \/><\/a><p id=\"caption-attachment-4534\" class=\"wp-caption-text\">croquis pub Martel<\/p><\/div>\n<div id=\"attachment_4537\" style=\"width: 251px\" class=\"wp-caption alignleft\"><img aria-describedby=\"caption-attachment-4537\" loading=\"lazy\" class=\"wp-image-4537\" src=\"http:\/\/nyanpereira.fr\/dessinateur\/wp-content\/uploads\/2017\/03\/storyboarder.film_.politique.afrique.jpg\" alt=\"storyboarder.affiche.film.politique.afrique\" width=\"241\" height=\"377\" \/><p id=\"caption-attachment-4537\" class=\"wp-caption-text\">storyboard Cin\u00e9ma -Affiche de film<\/p><\/div>\n<hr \/>\n<h4><strong><span style=\"color: #663399;\">Concepteur de Storyboard <span style=\"color: #000000;\">&#8211; L&rsquo;art des fl\u00e8ches et du d\u00e9coupage !<\/span><\/span><\/strong><\/h4>\n<p>Le storyboard est l&rsquo;\u00e9tape d\u2019avant tournage qui permet de d\u00e9finir le cahier des charges les futurs plans s\u00e9quences d\u2019un film. C&rsquo;est la recherche crayonn\u00e9e des cadrages, des d\u00e9cors, des mouvements des personnages, des mouvements cam\u00e9ras ou des transitions visuelles.<br \/>\nEn bref c\u2019est la <strong>transcription du sc\u00e9nario en image<\/strong>.<\/p>\n<a class=\"button small \" style=\"background-color:#000000 !important;color:#ffffff !important;border:1px solid #000000 !important;\" onclick=\"window.open('http:\/\/nyanpereira.fr\/dessinateur\/gallery\/roughman-dessinnateur-crayon-papier-paris\/', '_self')\">Gall\u00e9rie Storyboard compl\u00e8te <\/a>\n<p>&nbsp;<\/p>\n<div id=\"attachment_4558\" style=\"width: 251px\" class=\"wp-caption alignleft\"><img aria-describedby=\"caption-attachment-4558\" loading=\"lazy\" class=\"wp-image-4558\" src=\"http:\/\/nyanpereira.fr\/dessinateur\/wp-content\/uploads\/2017\/03\/roughmen.storyboarder.film_.alpine.Gran-Turismo.PS4_.fabrice.coton_.jpg\" alt=\"roughmen.storyboarder.film.alpine.Gran Turismo.PS4.fabrice.coton\" width=\"241\" height=\"377\" \/><p id=\"caption-attachment-4558\" class=\"wp-caption-text\">Alpine Vision Gran Turismo &#8211; storyboard Design Inspirations<\/p><\/div>\n<div id=\"attachment_4556\" style=\"width: 251px\" class=\"wp-caption alignleft\"><img aria-describedby=\"caption-attachment-4556\" loading=\"lazy\" class=\"wp-image-4556\" src=\"http:\/\/nyanpereira.fr\/dessinateur\/wp-content\/uploads\/2017\/03\/roughman.storyboarder.film_.ALPINE-VGT.INSPIRATIONS.fabrice.coton_.jpg\" alt=\"roughman.storyboarder.film.ALPINE VGT.INSPIRATIONS.fabrice.coton\" width=\"241\" height=\"377\" \/><p id=\"caption-attachment-4556\" class=\"wp-caption-text\">Alpine Vision Gran Turismo : storyboard inspirations in video<\/p><\/div>\n<div id=\"attachment_4543\" style=\"width: 251px\" class=\"wp-caption alignleft\"><img aria-describedby=\"caption-attachment-4543\" loading=\"lazy\" class=\"wp-image-4543\" src=\"http:\/\/nyanpereira.fr\/dessinateur\/wp-content\/uploads\/2017\/03\/storyboarder.decoupage.film_.croquis.4.jpg\" alt=\"storyboarder.decoupage.film.croquis.4\" width=\"241\" height=\"377\" \/><p id=\"caption-attachment-4543\" class=\"wp-caption-text\">exemple storyboarding<\/p><\/div>\n<p><img loading=\"lazy\" class=\"alignleft wp-image-4560\" src=\"http:\/\/nyanpereira.fr\/dessinateur\/wp-content\/uploads\/2017\/03\/roughmen.illustrateur.2D.film_.animation.jpg\" alt=\"\" width=\"768\" height=\"1117\" \/><\/p>\n<hr \/>\n<h4><span style=\"color: #663399;\"><strong>Animateur 2D &#8211; <span style=\"color: #000000;\">Animatics<\/span><\/strong><\/span><\/h4>\n<p>Pour ceux qui ne laisse aucune de place au hasard, le <strong>motion design<\/strong> crois\u00e9 au <strong>storyboard<\/strong> donne naissance \u00e0 <strong>l\u2019animatic<\/strong>.<br \/>\nc&rsquo;est une technique de pr\u00e9sentation avanc\u00e9e d\u2019un spot, d&rsquo;un film ou d&rsquo;une animation qui permet de d\u00e9finir les temps, les mouvements, les voix et la musique de chacune des s\u00e9quences avant de lancer une production.<\/p>\n<a class=\"button small \" style=\"background-color:#000000 !important;color:#ffffff !important;border:1px solid #000000 !important;\" onclick=\"window.open('http:\/\/nyanpereira.fr\/dessinateur\/gallery\/roughman-dessinnateur-crayon-papier-paris\/', '_self')\">Gall\u00e9rie Animatics compl\u00e8te <\/a>\n<p>&nbsp;<\/p>\n<p><div class=\"video-container\"><iframe src=\"https:\/\/player.vimeo.com\/video\/153357468?title=0&amp;byline=0&amp;portrait=0\" width=\"\" height=\"\" frameborder=\"0\" webkitallowfullscreen mozallowfullscreen allowfullscreen><\/iframe><\/div><br \/>\n<div class=\"video-container\"><iframe src=\"https:\/\/player.vimeo.com\/video\/394161524?title=0&amp;byline=0&amp;portrait=0\" width=\"\" height=\"\" frameborder=\"0\" webkitallowfullscreen mozallowfullscreen allowfullscreen><\/iframe><\/div><br \/>\n<div class=\"video-container\"><iframe src=\"https:\/\/player.vimeo.com\/video\/394203625?title=0&amp;byline=0&amp;portrait=0\" width=\"\" height=\"\" frameborder=\"0\" webkitallowfullscreen mozallowfullscreen allowfullscreen><\/iframe><\/div><\/p>\n<hr \/>\n<p>&nbsp;<\/p>\n<h4><strong><span style=\"color: #663399;\">PhotoRough &amp; PhotoMontage &#8211; <\/span>L&rsquo;art du Photo Collage<\/strong><\/h4>\n<p>Le photomontage est au print ce que l\u2019animatic est \u00e0 la vid\u00e9o. <strong>Il ne laisse aucune place au hasard.<\/strong><br \/>\nComme un rough ou un storyboard, ce support de pr\u00e9sentation permet de d\u00e9finir les moindres d\u00e9tails d\u2019un visuel de communication : <span style=\"color: #808080;\">Attitudes, cadrages, lumi\u00e8res, stylismes, attitudes, paysages\u2026.<\/span><\/p>\n<a class=\"button small \" style=\"background-color:#000000 !important;color:#ffffff !important;border:1px solid #000000 !important;\" onclick=\"window.open('http:\/\/nyanpereira.fr\/dessinateur\/gallery\/roughman-dessinnateur-crayon-papier-paris\/', '_self')\">Gall\u00e9rie Photomotage compl\u00e8te <\/a>\n<p><strong>Un art au service de votre cr\u00e9ativit\u00e9 qui permet de fusionner les univers entre eux et ainsi donner naissance \u00e0 des images \u00e9tonnantes et d\u00e9cal\u00e9es.<\/strong><\/p>\n<p>&nbsp;<\/p>\n<div id=\"attachment_4563\" style=\"width: 251px\" class=\"wp-caption alignleft\"><img aria-describedby=\"caption-attachment-4563\" loading=\"lazy\" class=\"wp-image-4563\" src=\"http:\/\/nyanpereira.fr\/dessinateur\/wp-content\/uploads\/2017\/03\/RoughPhoto.studio.retouche..jpg2_.jpg\" alt=\"Photomontage sc\u00e9nographie BMW\" width=\"241\" height=\"377\" \/><p id=\"caption-attachment-4563\" class=\"wp-caption-text\">sc\u00e9nographie BMW<\/p><\/div>\n<div id=\"attachment_4567\" style=\"width: 251px\" class=\"wp-caption alignleft\"><img aria-describedby=\"caption-attachment-4567\" loading=\"lazy\" class=\"wp-image-4567\" src=\"http:\/\/nyanpereira.fr\/dessinateur\/wp-content\/uploads\/2017\/03\/RoughPhoto.studio.retouche..jpg6_.jpg\" alt=\"prise de vue engins de chantier JCB SERVICE\" width=\"241\" height=\"377\" \/><p id=\"caption-attachment-4567\" class=\"wp-caption-text\">Prise de vue engins de chantier JCB SERVICE<\/p><\/div>\n<div id=\"attachment_2869\" style=\"width: 251px\" class=\"wp-caption alignleft\"><img aria-describedby=\"caption-attachment-2869\" loading=\"lazy\" class=\"wp-image-2869\" src=\"http:\/\/nyanpereira.fr\/dessinateur\/wp-content\/uploads\/2014\/03\/2.Photoraphe-photomontage-en-Paca.Total-Covering-Eurpcar.jpg.jpg\" alt=\"2.Photoraphe-photomontage-en-Paca.Total-Covering-Eurpcar.jpg\" width=\"241\" height=\"377\" \/><p id=\"caption-attachment-2869\" class=\"wp-caption-text\">Exemple Total covering<\/p><\/div>\n<div id=\"attachment_4577\" style=\"width: 251px\" class=\"wp-caption alignleft\"><img aria-describedby=\"caption-attachment-4577\" loading=\"lazy\" class=\"wp-image-4577\" src=\"http:\/\/nyanpereira.fr\/dessinateur\/wp-content\/uploads\/2017\/03\/Photographeviticole.studio.publiciter.campagne.communication.jpg\" alt=\"Photographe;viticole.studio.publiciter.campagne.communication\" width=\"241\" height=\"377\" \/><p id=\"caption-attachment-4577\" class=\"wp-caption-text\">Packshot &#8211; shooting<\/p><\/div>\n<p><img loading=\"lazy\" class=\"wp-image-4573\" src=\"http:\/\/nyanpereira.fr\/dessinateur\/wp-content\/uploads\/2017\/03\/Photographe.studio.publiciter.campagne.communication2.jpg\" alt=\"Photographe.studio.publiciter.campagne.communication2\" width=\"241\" height=\"377\" \/><\/p>\n<p><img loading=\"lazy\" class=\"alignleft wp-image-4574\" src=\"http:\/\/nyanpereira.fr\/dessinateur\/wp-content\/uploads\/2017\/03\/Photographe.studio.publiciter.campagne.communication3.jpg\" alt=\"Photographe.studio.publiciter.campagne.communication3\" width=\"241\" height=\"377\" \/> <img loading=\"lazy\" class=\"alignleft wp-image-4575\" src=\"http:\/\/nyanpereira.fr\/dessinateur\/wp-content\/uploads\/2017\/03\/Photographe.studio.publiciter.campagne.communication5.jpg\" alt=\"Photographe.studio.publiciter.campagne.communication5\" width=\"241\" height=\"377\" \/> <img loading=\"lazy\" class=\"alignleft wp-image-4564\" src=\"http:\/\/nyanpereira.fr\/dessinateur\/wp-content\/uploads\/2017\/03\/RoughPhoto.studio.retouche..jpg3_.jpg\" alt=\"RoughPhoto.studio.retouche..jpg3\" width=\"241\" height=\"377\" \/> <img loading=\"lazy\" class=\"alignleft wp-image-4562\" src=\"http:\/\/nyanpereira.fr\/dessinateur\/wp-content\/uploads\/2017\/03\/RoughPhoto.studio.retouche..jpg.jpg\" alt=\"Photomontage publicit\u00e9 \/ a\u00e9roport de paris\" width=\"241\" height=\"377\" \/><\/p>\n<hr \/>\n<p><em><span style=\"color: #c0c0c0;\">R\u00e9f\u00e9rencement : Roughman &amp; storyboarding, Freelance en <strong>R\u00e9gion<\/strong> Paca \u00e0 Draguignan(83). Dessinateur et Illustrateur \u00e0 Marseille(13), Dessinateur et Storyboarder \u00e0 Nice(06), rough et Storyboarder \u00e0 Toulon(83), <em>roughman et Storyboarder \u00e0 Cannes(06) <\/em>Illustrateur en r\u00e9gion Paca, <em>Illustrateur \u00e0 Aix-en-Provence.<\/em><\/span><\/em><\/p>\n<p>&nbsp;<\/p>\n","protected":false},"excerpt":{"rendered":"","protected":false},"author":1,"featured_media":7127,"parent":0,"menu_order":0,"comment_status":"closed","ping_status":"closed","template":"page_r.php","meta":[],"yoast_head":"<!-- This site is optimized with the Yoast SEO plugin v17.9 - https:\/\/yoast.com\/wordpress\/plugins\/seo\/ -->\n<title>ROUGHMAN Freelance &amp; Storyboarding Dessinateur Pub &amp; cin\u00e9ma.<\/title>\n<meta name=\"description\" content=\"Roughman freelance &amp; storyboarding Entre rough, storyboard, sc\u00e9nographie et photomontage. D\u00e9couvrez le travail d&#039;un roughman freelance \u00e0 Nice.\" \/>\n<meta name=\"robots\" content=\"index, follow, max-snippet:-1, max-image-preview:large, max-video-preview:-1\" \/>\n<link rel=\"canonical\" href=\"https:\/\/nyanpereira.fr\/dessinateur\/roughman-storyboard-freelance-ile-de-france\/\" \/>\n<meta property=\"og:locale\" content=\"fr_FR\" \/>\n<meta property=\"og:type\" content=\"article\" \/>\n<meta property=\"og:title\" content=\"ROUGHMAN Freelance &amp; Storyboarding Dessinateur Pub &amp; cin\u00e9ma.\" \/>\n<meta property=\"og:description\" content=\"Roughman freelance &amp; storyboarding Entre rough, storyboard, sc\u00e9nographie et photomontage. D\u00e9couvrez le travail d&#039;un roughman freelance \u00e0 Nice.\" \/>\n<meta property=\"og:url\" content=\"https:\/\/nyanpereira.fr\/dessinateur\/roughman-storyboard-freelance-ile-de-france\/\" \/>\n<meta property=\"og:site_name\" content=\"Service Cr\u00e9atif &amp; Pr\u00e9sentation Artistique\" \/>\n<meta property=\"article:modified_time\" content=\"2020-03-06T09:51:38+00:00\" \/>\n<meta property=\"og:image\" content=\"https:\/\/nyanpereira.fr\/dessinateur\/wp-content\/uploads\/2020\/01\/Menu.2.reference.scenographe.freelance.marketing-2.jpg\" \/>\n\t<meta property=\"og:image:width\" content=\"360\" \/>\n\t<meta property=\"og:image:height\" content=\"270\" \/>\n\t<meta property=\"og:image:type\" content=\"image\/jpeg\" \/>\n<meta name=\"twitter:card\" content=\"summary_large_image\" \/>\n<meta name=\"twitter:label1\" content=\"Dur\u00e9e de lecture estim\u00e9e\" \/>\n\t<meta name=\"twitter:data1\" content=\"4 minutes\" \/>\n<script type=\"application\/ld+json\" class=\"yoast-schema-graph\">{\"@context\":\"https:\/\/schema.org\",\"@graph\":[{\"@type\":\"Organization\",\"@id\":\"https:\/\/nyanpereira.fr\/dessinateur\/#organization\",\"name\":\"storyboarder Freelance\",\"url\":\"https:\/\/nyanpereira.fr\/dessinateur\/\",\"sameAs\":[],\"logo\":{\"@type\":\"ImageObject\",\"@id\":\"https:\/\/nyanpereira.fr\/dessinateur\/#logo\",\"inLanguage\":\"fr-FR\",\"url\":\"\",\"contentUrl\":\"\",\"caption\":\"storyboarder Freelance\"},\"image\":{\"@id\":\"https:\/\/nyanpereira.fr\/dessinateur\/#logo\"}},{\"@type\":\"WebSite\",\"@id\":\"https:\/\/nyanpereira.fr\/dessinateur\/#website\",\"url\":\"https:\/\/nyanpereira.fr\/dessinateur\/\",\"name\":\"Service Cr\\u00e9atif &amp; Pr\\u00e9sentation Artistique\",\"description\":\"Roughs, Storyboard, Antimatic &amp; Photomontage\",\"publisher\":{\"@id\":\"https:\/\/nyanpereira.fr\/dessinateur\/#organization\"},\"potentialAction\":[{\"@type\":\"SearchAction\",\"target\":{\"@type\":\"EntryPoint\",\"urlTemplate\":\"https:\/\/nyanpereira.fr\/dessinateur\/?s={search_term_string}\"},\"query-input\":\"required name=search_term_string\"}],\"inLanguage\":\"fr-FR\"},{\"@type\":\"ImageObject\",\"@id\":\"https:\/\/nyanpereira.fr\/dessinateur\/roughman-storyboard-freelance-ile-de-france\/#primaryimage\",\"inLanguage\":\"fr-FR\",\"url\":\"https:\/\/nyanpereira.fr\/dessinateur\/wp-content\/uploads\/2020\/01\/Menu.2.reference.scenographe.freelance.marketing-2.jpg\",\"contentUrl\":\"https:\/\/nyanpereira.fr\/dessinateur\/wp-content\/uploads\/2020\/01\/Menu.2.reference.scenographe.freelance.marketing-2.jpg\",\"width\":360,\"height\":270},{\"@type\":\"WebPage\",\"@id\":\"https:\/\/nyanpereira.fr\/dessinateur\/roughman-storyboard-freelance-ile-de-france\/#webpage\",\"url\":\"https:\/\/nyanpereira.fr\/dessinateur\/roughman-storyboard-freelance-ile-de-france\/\",\"name\":\"ROUGHMAN Freelance & Storyboarding Dessinateur Pub & cin\\u00e9ma.\",\"isPartOf\":{\"@id\":\"https:\/\/nyanpereira.fr\/dessinateur\/#website\"},\"primaryImageOfPage\":{\"@id\":\"https:\/\/nyanpereira.fr\/dessinateur\/roughman-storyboard-freelance-ile-de-france\/#primaryimage\"},\"datePublished\":\"2020-03-02T14:48:59+00:00\",\"dateModified\":\"2020-03-06T09:51:38+00:00\",\"description\":\"Roughman freelance & storyboarding Entre rough, storyboard, sc\\u00e9nographie et photomontage. D\\u00e9couvrez le travail d'un roughman freelance \\u00e0 Nice.\",\"breadcrumb\":{\"@id\":\"https:\/\/nyanpereira.fr\/dessinateur\/roughman-storyboard-freelance-ile-de-france\/#breadcrumb\"},\"inLanguage\":\"fr-FR\",\"potentialAction\":[{\"@type\":\"ReadAction\",\"target\":[\"https:\/\/nyanpereira.fr\/dessinateur\/roughman-storyboard-freelance-ile-de-france\/\"]}]},{\"@type\":\"BreadcrumbList\",\"@id\":\"https:\/\/nyanpereira.fr\/dessinateur\/roughman-storyboard-freelance-ile-de-france\/#breadcrumb\",\"itemListElement\":[{\"@type\":\"ListItem\",\"position\":1,\"name\":\"Accueil\",\"item\":\"https:\/\/nyanpereira.fr\/dessinateur\/\"},{\"@type\":\"ListItem\",\"position\":2,\"name\":\"Services cr\\u00e9atifs &#038; M\\u00e9tiers artistiques\"}]}]}<\/script>\n<!-- \/ Yoast SEO plugin. -->","yoast_head_json":{"title":"ROUGHMAN Freelance & Storyboarding Dessinateur Pub & cin\u00e9ma.","description":"Roughman freelance & storyboarding Entre rough, storyboard, sc\u00e9nographie et photomontage. D\u00e9couvrez le travail d'un roughman freelance \u00e0 Nice.","robots":{"index":"index","follow":"follow","max-snippet":"max-snippet:-1","max-image-preview":"max-image-preview:large","max-video-preview":"max-video-preview:-1"},"canonical":"https:\/\/nyanpereira.fr\/dessinateur\/roughman-storyboard-freelance-ile-de-france\/","og_locale":"fr_FR","og_type":"article","og_title":"ROUGHMAN Freelance & Storyboarding Dessinateur Pub & cin\u00e9ma.","og_description":"Roughman freelance & storyboarding Entre rough, storyboard, sc\u00e9nographie et photomontage. D\u00e9couvrez le travail d'un roughman freelance \u00e0 Nice.","og_url":"https:\/\/nyanpereira.fr\/dessinateur\/roughman-storyboard-freelance-ile-de-france\/","og_site_name":"Service Cr\u00e9atif &amp; Pr\u00e9sentation Artistique","article_modified_time":"2020-03-06T09:51:38+00:00","og_image":[{"width":360,"height":270,"url":"https:\/\/nyanpereira.fr\/dessinateur\/wp-content\/uploads\/2020\/01\/Menu.2.reference.scenographe.freelance.marketing-2.jpg","type":"image\/jpeg"}],"twitter_card":"summary_large_image","twitter_misc":{"Dur\u00e9e de lecture estim\u00e9e":"4 minutes"},"schema":{"@context":"https:\/\/schema.org","@graph":[{"@type":"Organization","@id":"https:\/\/nyanpereira.fr\/dessinateur\/#organization","name":"storyboarder Freelance","url":"https:\/\/nyanpereira.fr\/dessinateur\/","sameAs":[],"logo":{"@type":"ImageObject","@id":"https:\/\/nyanpereira.fr\/dessinateur\/#logo","inLanguage":"fr-FR","url":"","contentUrl":"","caption":"storyboarder Freelance"},"image":{"@id":"https:\/\/nyanpereira.fr\/dessinateur\/#logo"}},{"@type":"WebSite","@id":"https:\/\/nyanpereira.fr\/dessinateur\/#website","url":"https:\/\/nyanpereira.fr\/dessinateur\/","name":"Service Cr\u00e9atif &amp; Pr\u00e9sentation Artistique","description":"Roughs, Storyboard, Antimatic &amp; Photomontage","publisher":{"@id":"https:\/\/nyanpereira.fr\/dessinateur\/#organization"},"potentialAction":[{"@type":"SearchAction","target":{"@type":"EntryPoint","urlTemplate":"https:\/\/nyanpereira.fr\/dessinateur\/?s={search_term_string}"},"query-input":"required name=search_term_string"}],"inLanguage":"fr-FR"},{"@type":"ImageObject","@id":"https:\/\/nyanpereira.fr\/dessinateur\/roughman-storyboard-freelance-ile-de-france\/#primaryimage","inLanguage":"fr-FR","url":"https:\/\/nyanpereira.fr\/dessinateur\/wp-content\/uploads\/2020\/01\/Menu.2.reference.scenographe.freelance.marketing-2.jpg","contentUrl":"https:\/\/nyanpereira.fr\/dessinateur\/wp-content\/uploads\/2020\/01\/Menu.2.reference.scenographe.freelance.marketing-2.jpg","width":360,"height":270},{"@type":"WebPage","@id":"https:\/\/nyanpereira.fr\/dessinateur\/roughman-storyboard-freelance-ile-de-france\/#webpage","url":"https:\/\/nyanpereira.fr\/dessinateur\/roughman-storyboard-freelance-ile-de-france\/","name":"ROUGHMAN Freelance & Storyboarding Dessinateur Pub & cin\u00e9ma.","isPartOf":{"@id":"https:\/\/nyanpereira.fr\/dessinateur\/#website"},"primaryImageOfPage":{"@id":"https:\/\/nyanpereira.fr\/dessinateur\/roughman-storyboard-freelance-ile-de-france\/#primaryimage"},"datePublished":"2020-03-02T14:48:59+00:00","dateModified":"2020-03-06T09:51:38+00:00","description":"Roughman freelance & storyboarding Entre rough, storyboard, sc\u00e9nographie et photomontage. D\u00e9couvrez le travail d'un roughman freelance \u00e0 Nice.","breadcrumb":{"@id":"https:\/\/nyanpereira.fr\/dessinateur\/roughman-storyboard-freelance-ile-de-france\/#breadcrumb"},"inLanguage":"fr-FR","potentialAction":[{"@type":"ReadAction","target":["https:\/\/nyanpereira.fr\/dessinateur\/roughman-storyboard-freelance-ile-de-france\/"]}]},{"@type":"BreadcrumbList","@id":"https:\/\/nyanpereira.fr\/dessinateur\/roughman-storyboard-freelance-ile-de-france\/#breadcrumb","itemListElement":[{"@type":"ListItem","position":1,"name":"Accueil","item":"https:\/\/nyanpereira.fr\/dessinateur\/"},{"@type":"ListItem","position":2,"name":"Services cr\u00e9atifs &#038; M\u00e9tiers artistiques"}]}]}},"_links":{"self":[{"href":"https:\/\/nyanpereira.fr\/dessinateur\/wp-json\/wp\/v2\/pages\/6889"}],"collection":[{"href":"https:\/\/nyanpereira.fr\/dessinateur\/wp-json\/wp\/v2\/pages"}],"about":[{"href":"https:\/\/nyanpereira.fr\/dessinateur\/wp-json\/wp\/v2\/types\/page"}],"author":[{"embeddable":true,"href":"https:\/\/nyanpereira.fr\/dessinateur\/wp-json\/wp\/v2\/users\/1"}],"replies":[{"embeddable":true,"href":"https:\/\/nyanpereira.fr\/dessinateur\/wp-json\/wp\/v2\/comments?post=6889"}],"version-history":[{"count":41,"href":"https:\/\/nyanpereira.fr\/dessinateur\/wp-json\/wp\/v2\/pages\/6889\/revisions"}],"predecessor-version":[{"id":7269,"href":"https:\/\/nyanpereira.fr\/dessinateur\/wp-json\/wp\/v2\/pages\/6889\/revisions\/7269"}],"wp:featuredmedia":[{"embeddable":true,"href":"https:\/\/nyanpereira.fr\/dessinateur\/wp-json\/wp\/v2\/media\/7127"}],"wp:attachment":[{"href":"https:\/\/nyanpereira.fr\/dessinateur\/wp-json\/wp\/v2\/media?parent=6889"}],"curies":[{"name":"wp","href":"https:\/\/api.w.org\/{rel}","templated":true}]}}