{"id":6489,"date":"2020-02-26T17:26:16","date_gmt":"2020-02-26T16:26:16","guid":{"rendered":"https:\/\/preprod.nyanpereira.fr\/?page_id=6489"},"modified":"2021-04-30T13:18:25","modified_gmt":"2021-04-30T12:18:25","slug":"creation-production-animatics-secteur-publicite-communication","status":"publish","type":"page","link":"https:\/\/nyanpereira.fr\/dessinateur\/storyborder-freelance-paris-nice\/creation-production-animatics-secteur-publicite-communication\/","title":{"rendered":"Production Animatics pour le Secteur Publicit\u00e9"},"content":{"rendered":"<div  class=\"one withsmallpadding ppb_text \" style=\"padding:30px 0 30px 0;\" >\n<div class=\"standard_wrapper\">\n<div class=\"page_content_wrapper\">\n<div class=\"inner\" >\n<h1 style=\"text-align: center;\">Production Animatics &#038; vid\u00e9os<\/h1>\n<p style=\"text-align: center;\"><strong>La cr\u00e9ation et la production d\u2019Animatics dans le secteur de la publicit\u00e9 est pour ceux qui ne laisse aucune place au hasard !<\/strong> Quand le motion-design croise un storyboarder sp\u00e9cialis\u00e9 dans la publicit\u00e9. Cela donne naissance \u00e0 la production d\u2019animatic. En d&rsquo;autres termes, c&rsquo;est une technique de pr\u00e9sentation avanc\u00e9e d\u2019un spot de pub, d&rsquo;un film ou d&rsquo;une <strong>animation en 2D<\/strong>. Elle permet de d\u00e9finir les temps et les mouvements ! Mais aussi les voix-off et la musique de chacune des s\u00e9quences \u00e0 r\u00e9aliser en production.<\/p>\n<div id=\"attachment_8755\" style=\"width: 810px\" class=\"wp-caption aligncenter\"><a href=\"https:\/\/nyanpereira.fr\/dessinateur\/devis-en-ligne\/devis-tarifs-animatics-2d-animateur-freelance\/\"><img aria-describedby=\"caption-attachment-8755\" loading=\"lazy\" class=\"wp-image-8755 size-full\" src=\"https:\/\/nyanpereira.fr\/dessinateur\/wp-content\/uploads\/2016\/01\/Animatics.design.pub_.jpg\" alt=\"devis.tarif.animatics.pub.pre.test.Animatics.design.pub\" width=\"800\" height=\"195\" \/><\/a><\/p>\n<p id=\"caption-attachment-8755\" class=\"wp-caption-text\">storyboard animatic production &#038; animateur 2d freelance<\/p>\n<\/div>\n<\/div>\n<\/div>\n<\/div>\n<\/div>\n<div  class=\"one withsmallpadding ppb_text \" style=\"padding:30px 0 30px 0;\" >\n<div class=\"standard_wrapper\">\n<div class=\"page_content_wrapper\">\n<div class=\"inner\" >\n<h1 style=\"text-align: center;\">Production Animatics &#038; vid\u00e9os<\/h1>\n<p style=\"text-align: center;\"><strong>La cr\u00e9ation et la production d\u2019Animatics dans le secteur de la publicit\u00e9 est pour ceux qui ne laisse aucune place au hasard !<\/strong> Quand le motion-design croise un storyboarder sp\u00e9cialis\u00e9 dans la publicit\u00e9. Cela donne naissance \u00e0 la production d\u2019animatic. En d&rsquo;autres termes, c&rsquo;est une technique de pr\u00e9sentation avanc\u00e9e d\u2019un spot de pub, d&rsquo;un film ou d&rsquo;une <strong>animation en 2D<\/strong>. Elle permet de d\u00e9finir les temps et les mouvements ! Mais aussi les voix-off et la musique de chacune des s\u00e9quences \u00e0 r\u00e9aliser en production.<\/p>\n<div id=\"attachment_8755\" style=\"width: 810px\" class=\"wp-caption aligncenter\"><a href=\"https:\/\/nyanpereira.fr\/dessinateur\/devis-en-ligne\/devis-tarifs-animatics-2d-animateur-freelance\/\"><img aria-describedby=\"caption-attachment-8755\" loading=\"lazy\" class=\"wp-image-8755 size-full\" src=\"https:\/\/nyanpereira.fr\/dessinateur\/wp-content\/uploads\/2016\/01\/Animatics.design.pub_.jpg\" alt=\"devis.tarif.animatics.pub.pre.test.Animatics.design.pub\" width=\"800\" height=\"195\" \/><\/a><\/p>\n<p id=\"caption-attachment-8755\" class=\"wp-caption-text\">storyboard animatic production &#038; animateur 2d freelance<\/p>\n<\/div>\n<\/div>\n<\/div>\n<\/div>\n<\/div>\n<div class=\"standard_wrapper\">\n<div  class=\"one_half withsmallpadding ppb_text\" style=\"padding:30px 0 30px 0;\" >\n<div class=\"standard_wrapper\">\n<div class=\"page_content_wrapper\">\n<div class=\"inner\">\n<div style=\"margin:auto;width:100%\">\n<h2>Production Animatics Publicit\u00e9 \/\/ D\u00e9finitions Marketing<\/h2>\n<p><strong>C&rsquo;est une technique de pr\u00e9sentation avanc\u00e9e<\/strong> d\u2019un spot de publicit\u00e9. En animation, l&rsquo;animatique est l&rsquo;\u00e9tape qui vient apr\u00e8s le storyboard. C&rsquo;est une technique de cr\u00e9ative de pr\u00e9sentation d&rsquo;une publicit\u00e9. Elle qui consiste \u00e0 animer les vignettes du storyboardeur afin de visualiser dynamiquement ses croquis sous forme de vid\u00e9o. <span style=\"color: #999999;\"><em>(voir exemple ci-dessus)<\/em><\/span><\/p>\n<h3>\u2022 C&rsquo;est quoi une <a href=\"https:\/\/vimeo.com\/user63321688\" target=\"_blank\" rel=\"noopener\">animatic<\/a> ?<\/h3>\n<p><strong>Autrement dit, c&rsquo;est donc un <a href=\"https:\/\/nyanpereira.fr\/dessinateur\/\">storyboard<\/a> anim\u00e9 ou dessin anim\u00e9 qui permet d&rsquo;int\u00e9grer le timing, le rythme correct du film, l&rsquo;enregistrement des dialogues mais surtout l&rsquo;accompagnement sonore et musical.<\/strong><\/p>\n<h3>\u2022 A quoi \u00e7a sert ?<\/h3>\n<p>Premi\u00e8rement, cela permet de cr\u00e9ativement d\u00e9finir les temps, les mouvements mais aussi les voix-off <span style=\"color: #999999;\"><em>( spot de 10\u00a0\u00bb 20\u00a0\u00bb 30\u00a0\u00bb&#8230;)<\/em><\/span> . Deuxi\u00e8mement, <a href=\"https:\/\/fr.wikipedia.org\/wiki\/Animatique\" target=\"_blank\" rel=\"noopener\">l&rsquo;animatque<\/a> permet<strong> de d\u00e9finir les co\u00fbts budg\u00e9taires de la production.<\/strong> <span style=\"color: #999999;\"><em>(costume, <a href=\"https:\/\/nyanpereira.fr\/dessinateur\/galleries\/speciale-chef-deco\/\">d\u00e9cors,<\/a> com\u00e9dien, post-production&#8230;) <span style=\"color: #000000;\">Et pour conclure, <\/span><\/em><span style=\"color: #000000;\">de consulter diff\u00e9rente boite de production sur la m\u00e9thodologie, la <a href=\"https:\/\/nyanpereira.fr\/dessinateur\/universcience-expo-effets-speciaux\/\">STRAT\u00c9GIE DE PRODUCTION<\/a> et les OPTIONS qui S\u2019OFFRENT \u00c0 VOUS en vue de votre budget. <span style=\"color: #333333;\"><em><span style=\"color: #999999;\">(construction d\u2019un D\u00e9cor, Retouche dans d\u00e9cor naturel, Matte-painting 2D, en Maquette type \u00ab\u00a0<span class=\"module__title__link\">Jurassic Park \u00ab\u00a0<\/span>( <span class=\"js-about-item-abstr\">1993<\/span>)<\/span> <\/em><\/span><\/span><br \/>\n<\/span><\/p>\n<p>Pour conclure : <strong>Souvent utilis\u00e9es dans le cadre de pr\u00e9-test publicitaire de tester les diff\u00e9rentes versions d&rsquo;un message sur un \u00e9chantillon de la cible.<\/strong> Men\u00e9 avant la mise en \u0153uvre d&rsquo;une campagne de communication, le pr\u00e9-test publicitaire vise g\u00e9n\u00e9ralement \u00e0 s&rsquo;assurer de l&rsquo;efficacit\u00e9 du message publicitaire. <span style=\"color: #999999;\"><em>(Appr\u00e9ciation et lecture du spot par \u00e0 la cible vis\u00e9e dans une univers m\u00e9diatique.)<\/em><\/span><\/p>\n<\/div>\n<\/div>\n<\/div>\n<\/div>\n<\/div>\n<\/div>\n<div class=\"standard_wrapper\">\n<div  class=\"one_half last withsmallpadding ppb_text\" style=\"padding:30px 0 30px 0;\" >\n<div class=\"standard_wrapper\">\n<div class=\"page_content_wrapper\">\n<div class=\"inner\">\n<div style=\"margin:auto;width:100%\">\n<p style=\"text-align: center;\"><span style=\"color: #808080;\"><em>Un exemple de projet de film publicitaire \u00e0 pr\u00e9senter aupr\u00e8s d\u2019un annonceur ou de votre direction ? D\u00e9couvrez les r\u00e9f\u00e9rences d\u2019un artiste professionnel qui dessine des story-boards toute l&rsquo;ann\u00e9e puis leur donnent vie via l&rsquo;animation et ses nouvelles technologies.<\/em><\/span><\/p>\n<div id=\"attachment_6016\" style=\"width: 310px\" class=\"wp-caption aligncenter\"><a href=\"https:\/\/nyanpereira.fr\/dessinateur\/\"><img aria-describedby=\"caption-attachment-6016\" loading=\"lazy\" class=\"wp-image-6016 size-medium\" src=\"https:\/\/nyanpereira.fr\/dessinateur\/wp-content\/uploads\/2017\/08\/02.making-of.dessinateur.storyboard-freelance.film_.publicite-300x146.jpg\" alt=\"planche storyboard freelance\" width=\"300\" height=\"146\" \/><\/a><\/p>\n<p id=\"caption-attachment-6016\" class=\"wp-caption-text\">Le m\u00e9tier de Storyboarder : l&rsquo;ombre de la publicit\u00e9 et du cin\u00e9ma<\/p>\n<\/div>\n<\/div>\n<\/div>\n<\/div>\n<\/div>\n<\/div>\n<\/div>\n","protected":false},"excerpt":{"rendered":"","protected":false},"author":1,"featured_media":0,"parent":6037,"menu_order":0,"comment_status":"closed","ping_status":"closed","template":"","meta":[],"yoast_head":"<!-- This site is optimized with the Yoast SEO plugin v17.9 - https:\/\/yoast.com\/wordpress\/plugins\/seo\/ -->\n<title>Production d&#039;Animatics \/ Secteur PUBLICIT\u00c9 \/ STORYBOARD freelance<\/title>\n<meta name=\"description\" content=\"Cr\u00e9ation &amp; Production d&#039;Animatics pour le secteur de la publicit\u00e9. Quand le motion design croise le storyboard cela donne naissance \u00e0 l\u2019animatics production\" \/>\n<meta name=\"robots\" content=\"index, follow, max-snippet:-1, max-image-preview:large, max-video-preview:-1\" \/>\n<link rel=\"canonical\" href=\"https:\/\/nyanpereira.fr\/dessinateur\/storyborder-freelance-paris-nice\/creation-production-animatics-secteur-publicite-communication\/\" \/>\n<meta property=\"og:locale\" content=\"fr_FR\" \/>\n<meta property=\"og:type\" content=\"article\" \/>\n<meta property=\"og:title\" content=\"Production d&#039;Animatics \/ Secteur PUBLICIT\u00c9 \/ STORYBOARD freelance\" \/>\n<meta property=\"og:description\" content=\"Cr\u00e9ation &amp; Production d&#039;Animatics pour le secteur de la publicit\u00e9. Quand le motion design croise le storyboard cela donne naissance \u00e0 l\u2019animatics production\" \/>\n<meta property=\"og:url\" content=\"https:\/\/nyanpereira.fr\/dessinateur\/storyborder-freelance-paris-nice\/creation-production-animatics-secteur-publicite-communication\/\" \/>\n<meta property=\"og:site_name\" content=\"Service Cr\u00e9atif &amp; Pr\u00e9sentation Artistique\" \/>\n<meta property=\"article:modified_time\" content=\"2021-04-30T12:18:25+00:00\" \/>\n<meta property=\"og:image\" content=\"https:\/\/nyanpereira.fr\/dessinateur\/wp-content\/uploads\/2016\/01\/Animatics.design.pub_.jpg\" \/>\n<meta name=\"twitter:card\" content=\"summary_large_image\" \/>\n<meta name=\"twitter:label1\" content=\"Dur\u00e9e de lecture estim\u00e9e\" \/>\n\t<meta name=\"twitter:data1\" content=\"3 minutes\" \/>\n<script type=\"application\/ld+json\" class=\"yoast-schema-graph\">{\"@context\":\"https:\/\/schema.org\",\"@graph\":[{\"@type\":\"Organization\",\"@id\":\"https:\/\/nyanpereira.fr\/dessinateur\/#organization\",\"name\":\"storyboarder Freelance\",\"url\":\"https:\/\/nyanpereira.fr\/dessinateur\/\",\"sameAs\":[],\"logo\":{\"@type\":\"ImageObject\",\"@id\":\"https:\/\/nyanpereira.fr\/dessinateur\/#logo\",\"inLanguage\":\"fr-FR\",\"url\":\"\",\"contentUrl\":\"\",\"caption\":\"storyboarder Freelance\"},\"image\":{\"@id\":\"https:\/\/nyanpereira.fr\/dessinateur\/#logo\"}},{\"@type\":\"WebSite\",\"@id\":\"https:\/\/nyanpereira.fr\/dessinateur\/#website\",\"url\":\"https:\/\/nyanpereira.fr\/dessinateur\/\",\"name\":\"Service Cr\\u00e9atif &amp; Pr\\u00e9sentation Artistique\",\"description\":\"Roughs, Storyboard, Antimatic &amp; Photomontage\",\"publisher\":{\"@id\":\"https:\/\/nyanpereira.fr\/dessinateur\/#organization\"},\"potentialAction\":[{\"@type\":\"SearchAction\",\"target\":{\"@type\":\"EntryPoint\",\"urlTemplate\":\"https:\/\/nyanpereira.fr\/dessinateur\/?s={search_term_string}\"},\"query-input\":\"required name=search_term_string\"}],\"inLanguage\":\"fr-FR\"},{\"@type\":\"ImageObject\",\"@id\":\"https:\/\/nyanpereira.fr\/dessinateur\/storyborder-freelance-paris-nice\/creation-production-animatics-secteur-publicite-communication\/#primaryimage\",\"inLanguage\":\"fr-FR\",\"url\":\"https:\/\/nyanpereira.fr\/dessinateur\/wp-content\/uploads\/2016\/01\/Animatics.design.pub_.jpg\",\"contentUrl\":\"https:\/\/nyanpereira.fr\/dessinateur\/wp-content\/uploads\/2016\/01\/Animatics.design.pub_.jpg\",\"width\":800,\"height\":195,\"caption\":\"Animatics.design.pub\"},{\"@type\":\"WebPage\",\"@id\":\"https:\/\/nyanpereira.fr\/dessinateur\/storyborder-freelance-paris-nice\/creation-production-animatics-secteur-publicite-communication\/#webpage\",\"url\":\"https:\/\/nyanpereira.fr\/dessinateur\/storyborder-freelance-paris-nice\/creation-production-animatics-secteur-publicite-communication\/\",\"name\":\"Production d'Animatics \/ Secteur PUBLICIT\\u00c9 \/ STORYBOARD freelance\",\"isPartOf\":{\"@id\":\"https:\/\/nyanpereira.fr\/dessinateur\/#website\"},\"primaryImageOfPage\":{\"@id\":\"https:\/\/nyanpereira.fr\/dessinateur\/storyborder-freelance-paris-nice\/creation-production-animatics-secteur-publicite-communication\/#primaryimage\"},\"datePublished\":\"2020-02-26T16:26:16+00:00\",\"dateModified\":\"2021-04-30T12:18:25+00:00\",\"description\":\"Cr\\u00e9ation & Production d'Animatics pour le secteur de la publicit\\u00e9. Quand le motion design croise le storyboard cela donne naissance \\u00e0 l\\u2019animatics production\",\"breadcrumb\":{\"@id\":\"https:\/\/nyanpereira.fr\/dessinateur\/storyborder-freelance-paris-nice\/creation-production-animatics-secteur-publicite-communication\/#breadcrumb\"},\"inLanguage\":\"fr-FR\",\"potentialAction\":[{\"@type\":\"ReadAction\",\"target\":[\"https:\/\/nyanpereira.fr\/dessinateur\/storyborder-freelance-paris-nice\/creation-production-animatics-secteur-publicite-communication\/\"]}]},{\"@type\":\"BreadcrumbList\",\"@id\":\"https:\/\/nyanpereira.fr\/dessinateur\/storyborder-freelance-paris-nice\/creation-production-animatics-secteur-publicite-communication\/#breadcrumb\",\"itemListElement\":[{\"@type\":\"ListItem\",\"position\":1,\"name\":\"Accueil\",\"item\":\"https:\/\/nyanpereira.fr\/dessinateur\/\"},{\"@type\":\"ListItem\",\"position\":2,\"name\":\"Roughman Storyboarder Freelance\",\"item\":\"https:\/\/nyanpereira.fr\/dessinateur\/\"},{\"@type\":\"ListItem\",\"position\":3,\"name\":\"Production Animatics pour le Secteur Publicit\\u00e9\"}]}]}<\/script>\n<!-- \/ Yoast SEO plugin. -->","yoast_head_json":{"title":"Production d'Animatics \/ Secteur PUBLICIT\u00c9 \/ STORYBOARD freelance","description":"Cr\u00e9ation & Production d'Animatics pour le secteur de la publicit\u00e9. Quand le motion design croise le storyboard cela donne naissance \u00e0 l\u2019animatics production","robots":{"index":"index","follow":"follow","max-snippet":"max-snippet:-1","max-image-preview":"max-image-preview:large","max-video-preview":"max-video-preview:-1"},"canonical":"https:\/\/nyanpereira.fr\/dessinateur\/storyborder-freelance-paris-nice\/creation-production-animatics-secteur-publicite-communication\/","og_locale":"fr_FR","og_type":"article","og_title":"Production d'Animatics \/ Secteur PUBLICIT\u00c9 \/ STORYBOARD freelance","og_description":"Cr\u00e9ation & Production d'Animatics pour le secteur de la publicit\u00e9. Quand le motion design croise le storyboard cela donne naissance \u00e0 l\u2019animatics production","og_url":"https:\/\/nyanpereira.fr\/dessinateur\/storyborder-freelance-paris-nice\/creation-production-animatics-secteur-publicite-communication\/","og_site_name":"Service Cr\u00e9atif &amp; Pr\u00e9sentation Artistique","article_modified_time":"2021-04-30T12:18:25+00:00","og_image":[{"url":"https:\/\/nyanpereira.fr\/dessinateur\/wp-content\/uploads\/2016\/01\/Animatics.design.pub_.jpg"}],"twitter_card":"summary_large_image","twitter_misc":{"Dur\u00e9e de lecture estim\u00e9e":"3 minutes"},"schema":{"@context":"https:\/\/schema.org","@graph":[{"@type":"Organization","@id":"https:\/\/nyanpereira.fr\/dessinateur\/#organization","name":"storyboarder Freelance","url":"https:\/\/nyanpereira.fr\/dessinateur\/","sameAs":[],"logo":{"@type":"ImageObject","@id":"https:\/\/nyanpereira.fr\/dessinateur\/#logo","inLanguage":"fr-FR","url":"","contentUrl":"","caption":"storyboarder Freelance"},"image":{"@id":"https:\/\/nyanpereira.fr\/dessinateur\/#logo"}},{"@type":"WebSite","@id":"https:\/\/nyanpereira.fr\/dessinateur\/#website","url":"https:\/\/nyanpereira.fr\/dessinateur\/","name":"Service Cr\u00e9atif &amp; Pr\u00e9sentation Artistique","description":"Roughs, Storyboard, Antimatic &amp; Photomontage","publisher":{"@id":"https:\/\/nyanpereira.fr\/dessinateur\/#organization"},"potentialAction":[{"@type":"SearchAction","target":{"@type":"EntryPoint","urlTemplate":"https:\/\/nyanpereira.fr\/dessinateur\/?s={search_term_string}"},"query-input":"required name=search_term_string"}],"inLanguage":"fr-FR"},{"@type":"ImageObject","@id":"https:\/\/nyanpereira.fr\/dessinateur\/storyborder-freelance-paris-nice\/creation-production-animatics-secteur-publicite-communication\/#primaryimage","inLanguage":"fr-FR","url":"https:\/\/nyanpereira.fr\/dessinateur\/wp-content\/uploads\/2016\/01\/Animatics.design.pub_.jpg","contentUrl":"https:\/\/nyanpereira.fr\/dessinateur\/wp-content\/uploads\/2016\/01\/Animatics.design.pub_.jpg","width":800,"height":195,"caption":"Animatics.design.pub"},{"@type":"WebPage","@id":"https:\/\/nyanpereira.fr\/dessinateur\/storyborder-freelance-paris-nice\/creation-production-animatics-secteur-publicite-communication\/#webpage","url":"https:\/\/nyanpereira.fr\/dessinateur\/storyborder-freelance-paris-nice\/creation-production-animatics-secteur-publicite-communication\/","name":"Production d'Animatics \/ Secteur PUBLICIT\u00c9 \/ STORYBOARD freelance","isPartOf":{"@id":"https:\/\/nyanpereira.fr\/dessinateur\/#website"},"primaryImageOfPage":{"@id":"https:\/\/nyanpereira.fr\/dessinateur\/storyborder-freelance-paris-nice\/creation-production-animatics-secteur-publicite-communication\/#primaryimage"},"datePublished":"2020-02-26T16:26:16+00:00","dateModified":"2021-04-30T12:18:25+00:00","description":"Cr\u00e9ation & Production d'Animatics pour le secteur de la publicit\u00e9. Quand le motion design croise le storyboard cela donne naissance \u00e0 l\u2019animatics production","breadcrumb":{"@id":"https:\/\/nyanpereira.fr\/dessinateur\/storyborder-freelance-paris-nice\/creation-production-animatics-secteur-publicite-communication\/#breadcrumb"},"inLanguage":"fr-FR","potentialAction":[{"@type":"ReadAction","target":["https:\/\/nyanpereira.fr\/dessinateur\/storyborder-freelance-paris-nice\/creation-production-animatics-secteur-publicite-communication\/"]}]},{"@type":"BreadcrumbList","@id":"https:\/\/nyanpereira.fr\/dessinateur\/storyborder-freelance-paris-nice\/creation-production-animatics-secteur-publicite-communication\/#breadcrumb","itemListElement":[{"@type":"ListItem","position":1,"name":"Accueil","item":"https:\/\/nyanpereira.fr\/dessinateur\/"},{"@type":"ListItem","position":2,"name":"Roughman Storyboarder Freelance","item":"https:\/\/nyanpereira.fr\/dessinateur\/"},{"@type":"ListItem","position":3,"name":"Production Animatics pour le Secteur Publicit\u00e9"}]}]}},"_links":{"self":[{"href":"https:\/\/nyanpereira.fr\/dessinateur\/wp-json\/wp\/v2\/pages\/6489"}],"collection":[{"href":"https:\/\/nyanpereira.fr\/dessinateur\/wp-json\/wp\/v2\/pages"}],"about":[{"href":"https:\/\/nyanpereira.fr\/dessinateur\/wp-json\/wp\/v2\/types\/page"}],"author":[{"embeddable":true,"href":"https:\/\/nyanpereira.fr\/dessinateur\/wp-json\/wp\/v2\/users\/1"}],"replies":[{"embeddable":true,"href":"https:\/\/nyanpereira.fr\/dessinateur\/wp-json\/wp\/v2\/comments?post=6489"}],"version-history":[{"count":215,"href":"https:\/\/nyanpereira.fr\/dessinateur\/wp-json\/wp\/v2\/pages\/6489\/revisions"}],"predecessor-version":[{"id":9606,"href":"https:\/\/nyanpereira.fr\/dessinateur\/wp-json\/wp\/v2\/pages\/6489\/revisions\/9606"}],"up":[{"embeddable":true,"href":"https:\/\/nyanpereira.fr\/dessinateur\/wp-json\/wp\/v2\/pages\/6037"}],"wp:attachment":[{"href":"https:\/\/nyanpereira.fr\/dessinateur\/wp-json\/wp\/v2\/media?parent=6489"}],"curies":[{"name":"wp","href":"https:\/\/api.w.org\/{rel}","templated":true}]}}