{"id":6317,"date":"2020-02-20T10:20:00","date_gmt":"2020-02-20T09:20:00","guid":{"rendered":"https:\/\/preprod.nyanpereira.fr\/?page_id=6317"},"modified":"2020-04-04T12:36:40","modified_gmt":"2020-04-04T11:36:40","slug":"scenographe-marketing-theatralisations","status":"publish","type":"page","link":"https:\/\/nyanpereira.fr\/dessinateur\/storyborder-freelance-paris-nice\/scenographe-marketing-theatralisations\/","title":{"rendered":"Sc\u00e9nographie Pub &#038; Marketing"},"content":{"rendered":"<div  class=\"one withsmallpadding ppb_text\" style=\"padding:30px 0 30px 0;\" >\n<div class=\"standard_wrapper\">\n<div class=\"page_content_wrapper\">\n<div class=\"inner\">\n<div style=\"margin:auto;width:100%\">\n<h1 style=\"text-align: center;\">Sc\u00e9nographe marketing freelance<\/h1>\n<p>\u00c9v\u00e8nementielle : Un <strong>sc\u00e9nographe freelance<\/strong> qui peut prendre part aux nombreuses <a href=\"https:\/\/nyanpereira.fr\/dessinateur\/galleries\/storyboard-croquis-rough-noir-et-blanc-niveau-de-gris-paris\/\"><strong>recherches graphiques<\/strong><\/a> auxquelles donnent lieu la pr\u00e9paration d\u2019une op\u00e9ration marketing, d\u2019une animation magasin du type sc\u00e9nographie ou \u00e0 la cr\u00e9ation d&rsquo;un pop-up store. Vous pouvez faire appel a mes services pour travailler une th\u00e9\u00e2tralisation pour GSA\/GSS ou pour simplement pour composer la sc\u00e8ne d&rsquo;un spectacle&#8230; <strong>En d&rsquo;autres termes, je dessine quantit\u00e9 d\u2019esquisse et de croquis pour retranscrire les intentions de mes clients.<\/strong><\/p>\n<\/div>\n<\/div>\n<\/div>\n<\/div>\n<\/div>\n<div  class=\"one withsmallpadding ppb_text\" style=\"padding:30px 0 30px 0;\" >\n<div class=\"standard_wrapper\">\n<div class=\"page_content_wrapper\">\n<div class=\"inner\">\n<div style=\"margin:auto;width:100%\">\n<h1 style=\"text-align: center;\">Sc\u00e9nographe marketing freelance<\/h1>\n<p>\u00c9v\u00e8nementielle : Un <strong>sc\u00e9nographe freelance<\/strong> qui peut prendre part aux nombreuses <a href=\"https:\/\/nyanpereira.fr\/dessinateur\/galleries\/storyboard-croquis-rough-noir-et-blanc-niveau-de-gris-paris\/\"><strong>recherches graphiques<\/strong><\/a> auxquelles donnent lieu la pr\u00e9paration d\u2019une op\u00e9ration marketing, d\u2019une animation magasin du type sc\u00e9nographie ou \u00e0 la cr\u00e9ation d&rsquo;un pop-up store. Vous pouvez faire appel a mes services pour travailler une th\u00e9\u00e2tralisation pour GSA\/GSS ou pour simplement pour composer la sc\u00e8ne d&rsquo;un spectacle&#8230; <strong>En d&rsquo;autres termes, je dessine quantit\u00e9 d\u2019esquisse et de croquis pour retranscrire les intentions de mes clients.<\/strong><\/p>\n<\/div>\n<\/div>\n<\/div>\n<\/div>\n<\/div>\n<div class=\"standard_wrapper\">\n<div  class=\"one_third withsmallpadding ppb_text\" style=\"padding:30px 0 30px 0;\" >\n<div class=\"standard_wrapper\">\n<div class=\"page_content_wrapper\">\n<div class=\"inner\">\n<div style=\"margin:auto;width:100%\">\n<p><a href=\"https:\/\/nyanpereira.fr\/dessinateur\/galleries\/pop-up-store-magasin-ephemere-design-concept-store\/\"><img loading=\"lazy\" class=\"alignleft wp-image-5845 size-full\" src=\"https:\/\/nyanpereira.fr\/dessinateur\/wp-content\/uploads\/2020\/02\/05.pop-up.store_.Magasin-ephemere.scenographe.professionel.thetralisation.marketing.evenement.Paris5_.jpg\" alt=\"SEFORA - op\u00e9ration market!ing\" width=\"650\" height=\"945\" \/><\/a><a href=\"https:\/\/nyanpereira.fr\/dessinateur\/galleries\/speciale-chef-deco\/\"><img loading=\"lazy\" class=\"alignleft wp-image-5866 size-full\" src=\"https:\/\/nyanpereira.fr\/dessinateur\/wp-content\/uploads\/2020\/02\/06.scenographie.spectacle.costume.scenographe.professionel.thetralisation.cinema.Paris11.jpg\" alt=\"recherche croquis \/ scenographie sp\u00e9ctacle r\u00e9alist\u00e9 augment\u00e9\" width=\"650\" height=\"945\" \/><\/a><\/p>\n<\/div>\n<\/div>\n<\/div>\n<\/div>\n<\/div>\n<\/div>\n<div class=\"standard_wrapper\">\n<div  class=\"two_third last withsmallpadding ppb_text\" style=\"padding:30px 0 30px 0;\" >\n<div class=\"standard_wrapper\">\n<div class=\"page_content_wrapper\">\n<div class=\"inner\">\n<div style=\"margin:auto;width:100%\">\n<h3 class=\"mCenter\">Sc\u00e9nographie marketing, sp\u00e9ctacl &#038; Animation commerciale<\/h3>\n<p>Th\u00e9\u00e2tralisation, \u00e9v\u00e9nementielle ou sc\u00e9nographie ? <strong>C\u2019est quoi et surtout \u00e7a sert quoi ?<\/strong> C\u2019est l\u2019art de l\u2019organisation de l\u2019espace sc\u00e9nique moyens techniques et artistique. En d&rsquo;autre terme c&rsquo;est sans doute le meilleur moyen de penser et d&rsquo;organiser <strong>un <a href=\"http:\/\/vitrinepeinte.com\/conception-vitrine-peinture-decoration-animation-originale\/\">\u00e9v\u00e9nement marketing<\/a> dans ses moindres d\u00e9tails<\/strong>. Immergez vos clients dans un univers sc\u00e9nographie.<\/p>\n<h6><span style=\"color: #999999;\"><em>Comme par exemple :<\/em><\/span><\/h6>\n<p><span style=\"color: #999999;\"><em>\u00c0 la mani\u00e8re de SEFORA, au jardin des tuileries \u00e0 Paris. Entrez dans une arche de n\u00e9on color\u00e9s et une all\u00e9e de sculpture type produit de beaut\u00e9 \u00ab\u00a0pop\u00a0\u00bb. Plongez vos invit\u00e9s dans un univers de fleur sp\u00e9cialement travaill\u00e9 pour votre \u00e9v\u00e9nement \u00e0 l&rsquo;aide d&rsquo;une campagne hors m\u00e9dia et son sc\u00e9nographe freelance<\/em><\/span><\/p>\n<h3>Comment organiser un espace de vente ?<\/h3>\n<p><strong>Le mot d\u2019ordre \u00e9tant simplement : la strat\u00e9gie &#038; la cr\u00e9ativit\u00e9 !<\/strong>\u00a0 Avec un \u00e9ventement qui attire tous les regardes. Avec une id\u00e9e originale, une ambiance particuli\u00e8re et marquante !<\/p>\n<p>Exposant &#8211; GSA &#8211; GSS. Je peux vous accompagner dans l\u2019agencement et l\u2019organisation de vos \u00e9v\u00e9nements. D\u00e9cors, Son, \u00e9clairage, texture, d\u00e9coration&#8230; Utilisez la sc\u00e9nographie et le design d&rsquo;espace marketing pour aiguisez les sens de vos spectateurs et marquer les esprits. Ils doivent toucher, sentir, entendre, go\u00fbter et voir vos animation afin qu&rsquo;ils en gardent un souvenir.<\/p>\n<p>Une sc\u00e9nographie bien travaill\u00e9e c&rsquo;est la succ\u00e8s d&rsquo;un \u00e9v\u00e9nement rapidement identit\u00e9. \u00c0 l&rsquo;aide de vos couleurs, votre logo, vos texture vos univers&#8230; Plongez vos invit\u00e9s dans une exp\u00e9rience unique en racontant une histoire ou en faisant voyager vos spectateurs. <strong>Cr\u00e9ez des souvenir positif !<\/strong><\/p>\n<h6><em><span style=\"color: #999999;\">Pour un spectacle en r\u00e9alit\u00e9 augment\u00e9 par exemple :<\/span><\/em><\/h6>\n<p><em><span style=\"color: #999999;\">La r\u00e9alit\u00e9 augment\u00e9 peut par exemple peut \u00eatre une option pour r\u00e9unir tous ces aspects. L\u2019avantage de la r\u00e9alit\u00e9 augment\u00e9 c\u2019est qu\u2019elle permet de changer de d\u00e9cors et d&rsquo;ambiance tr\u00e8s rapidement.<\/span><\/em><\/p>\n<\/div>\n<\/div>\n<\/div>\n<\/div>\n<\/div>\n<\/div>\n","protected":false},"excerpt":{"rendered":"","protected":false},"author":1,"featured_media":5837,"parent":6037,"menu_order":0,"comment_status":"closed","ping_status":"closed","template":"","meta":[],"yoast_head":"<!-- This site is optimized with the Yoast SEO plugin v17.9 - https:\/\/yoast.com\/wordpress\/plugins\/seo\/ -->\n<title>Sc\u00e9nographie Pub &amp; Marketing - Service Cr\u00e9atif &amp; Pr\u00e9sentation Artistique \/ PARIS<\/title>\n<meta name=\"description\" content=\"Sc\u00e9nographe marketing freelance : Je dessiner et pr\u00e9sente vos op\u00e9rations marketing \u00e0 l&#039;aide de croquis 2D, storyboard, sc\u00e9nigraphie \/ Paris, Nice, Monaco\" \/>\n<meta name=\"robots\" content=\"index, follow, max-snippet:-1, max-image-preview:large, max-video-preview:-1\" \/>\n<link rel=\"canonical\" href=\"https:\/\/nyanpereira.fr\/dessinateur\/storyborder-freelance-paris-nice\/scenographe-marketing-theatralisations\/\" \/>\n<meta property=\"og:locale\" content=\"fr_FR\" \/>\n<meta property=\"og:type\" content=\"article\" \/>\n<meta property=\"og:title\" content=\"Sc\u00e9nographie Pub &amp; Marketing - Service Cr\u00e9atif &amp; Pr\u00e9sentation Artistique \/ PARIS\" \/>\n<meta property=\"og:description\" content=\"Sc\u00e9nographe marketing freelance : Je dessiner et pr\u00e9sente vos op\u00e9rations marketing \u00e0 l&#039;aide de croquis 2D, storyboard, sc\u00e9nigraphie \/ Paris, Nice, Monaco\" \/>\n<meta property=\"og:url\" content=\"https:\/\/nyanpereira.fr\/dessinateur\/storyborder-freelance-paris-nice\/scenographe-marketing-theatralisations\/\" \/>\n<meta property=\"og:site_name\" content=\"Service Cr\u00e9atif &amp; Pr\u00e9sentation Artistique\" \/>\n<meta property=\"article:modified_time\" content=\"2020-04-04T11:36:40+00:00\" \/>\n<meta property=\"og:image\" content=\"https:\/\/nyanpereira.fr\/dessinateur\/wp-content\/uploads\/2020\/01\/Menu.rough_.evenementiel.scenographe.freelance.operation.maketing.jpg\" \/>\n\t<meta property=\"og:image:width\" content=\"1300\" \/>\n\t<meta property=\"og:image:height\" content=\"977\" \/>\n\t<meta property=\"og:image:type\" content=\"image\/jpeg\" \/>\n<meta name=\"twitter:card\" content=\"summary_large_image\" \/>\n<meta name=\"twitter:label1\" content=\"Dur\u00e9e de lecture estim\u00e9e\" \/>\n\t<meta name=\"twitter:data1\" content=\"3 minutes\" \/>\n<script type=\"application\/ld+json\" class=\"yoast-schema-graph\">{\"@context\":\"https:\/\/schema.org\",\"@graph\":[{\"@type\":\"Organization\",\"@id\":\"https:\/\/nyanpereira.fr\/dessinateur\/#organization\",\"name\":\"storyboarder Freelance\",\"url\":\"https:\/\/nyanpereira.fr\/dessinateur\/\",\"sameAs\":[],\"logo\":{\"@type\":\"ImageObject\",\"@id\":\"https:\/\/nyanpereira.fr\/dessinateur\/#logo\",\"inLanguage\":\"fr-FR\",\"url\":\"\",\"contentUrl\":\"\",\"caption\":\"storyboarder Freelance\"},\"image\":{\"@id\":\"https:\/\/nyanpereira.fr\/dessinateur\/#logo\"}},{\"@type\":\"WebSite\",\"@id\":\"https:\/\/nyanpereira.fr\/dessinateur\/#website\",\"url\":\"https:\/\/nyanpereira.fr\/dessinateur\/\",\"name\":\"Service Cr\\u00e9atif &amp; Pr\\u00e9sentation Artistique\",\"description\":\"Roughs, Storyboard, Antimatic &amp; Photomontage\",\"publisher\":{\"@id\":\"https:\/\/nyanpereira.fr\/dessinateur\/#organization\"},\"potentialAction\":[{\"@type\":\"SearchAction\",\"target\":{\"@type\":\"EntryPoint\",\"urlTemplate\":\"https:\/\/nyanpereira.fr\/dessinateur\/?s={search_term_string}\"},\"query-input\":\"required name=search_term_string\"}],\"inLanguage\":\"fr-FR\"},{\"@type\":\"ImageObject\",\"@id\":\"https:\/\/nyanpereira.fr\/dessinateur\/storyborder-freelance-paris-nice\/scenographe-marketing-theatralisations\/#primaryimage\",\"inLanguage\":\"fr-FR\",\"url\":\"https:\/\/nyanpereira.fr\/dessinateur\/wp-content\/uploads\/2020\/01\/Menu.rough_.evenementiel.scenographe.freelance.operation.maketing.jpg\",\"contentUrl\":\"https:\/\/nyanpereira.fr\/dessinateur\/wp-content\/uploads\/2020\/01\/Menu.rough_.evenementiel.scenographe.freelance.operation.maketing.jpg\",\"width\":1300,\"height\":977,\"caption\":\"Menu.rough.evenementiel.scenographe.freelance.operation.maketing\"},{\"@type\":\"WebPage\",\"@id\":\"https:\/\/nyanpereira.fr\/dessinateur\/storyborder-freelance-paris-nice\/scenographe-marketing-theatralisations\/#webpage\",\"url\":\"https:\/\/nyanpereira.fr\/dessinateur\/storyborder-freelance-paris-nice\/scenographe-marketing-theatralisations\/\",\"name\":\"Sc\\u00e9nographie Pub & Marketing - Service Cr\\u00e9atif &amp; Pr\\u00e9sentation Artistique \/ PARIS\",\"isPartOf\":{\"@id\":\"https:\/\/nyanpereira.fr\/dessinateur\/#website\"},\"primaryImageOfPage\":{\"@id\":\"https:\/\/nyanpereira.fr\/dessinateur\/storyborder-freelance-paris-nice\/scenographe-marketing-theatralisations\/#primaryimage\"},\"datePublished\":\"2020-02-20T09:20:00+00:00\",\"dateModified\":\"2020-04-04T11:36:40+00:00\",\"description\":\"Sc\\u00e9nographe marketing freelance : Je dessiner et pr\\u00e9sente vos op\\u00e9rations marketing \\u00e0 l'aide de croquis 2D, storyboard, sc\\u00e9nigraphie \/ Paris, Nice, Monaco\",\"breadcrumb\":{\"@id\":\"https:\/\/nyanpereira.fr\/dessinateur\/storyborder-freelance-paris-nice\/scenographe-marketing-theatralisations\/#breadcrumb\"},\"inLanguage\":\"fr-FR\",\"potentialAction\":[{\"@type\":\"ReadAction\",\"target\":[\"https:\/\/nyanpereira.fr\/dessinateur\/storyborder-freelance-paris-nice\/scenographe-marketing-theatralisations\/\"]}]},{\"@type\":\"BreadcrumbList\",\"@id\":\"https:\/\/nyanpereira.fr\/dessinateur\/storyborder-freelance-paris-nice\/scenographe-marketing-theatralisations\/#breadcrumb\",\"itemListElement\":[{\"@type\":\"ListItem\",\"position\":1,\"name\":\"Accueil\",\"item\":\"https:\/\/nyanpereira.fr\/dessinateur\/\"},{\"@type\":\"ListItem\",\"position\":2,\"name\":\"Roughman Storyboarder Freelance\",\"item\":\"https:\/\/nyanpereira.fr\/dessinateur\/\"},{\"@type\":\"ListItem\",\"position\":3,\"name\":\"Sc\\u00e9nographie Pub &#038; Marketing\"}]}]}<\/script>\n<!-- \/ Yoast SEO plugin. -->","yoast_head_json":{"title":"Sc\u00e9nographie Pub & Marketing - Service Cr\u00e9atif &amp; Pr\u00e9sentation Artistique \/ PARIS","description":"Sc\u00e9nographe marketing freelance : Je dessiner et pr\u00e9sente vos op\u00e9rations marketing \u00e0 l'aide de croquis 2D, storyboard, sc\u00e9nigraphie \/ Paris, Nice, Monaco","robots":{"index":"index","follow":"follow","max-snippet":"max-snippet:-1","max-image-preview":"max-image-preview:large","max-video-preview":"max-video-preview:-1"},"canonical":"https:\/\/nyanpereira.fr\/dessinateur\/storyborder-freelance-paris-nice\/scenographe-marketing-theatralisations\/","og_locale":"fr_FR","og_type":"article","og_title":"Sc\u00e9nographie Pub & Marketing - Service Cr\u00e9atif &amp; Pr\u00e9sentation Artistique \/ PARIS","og_description":"Sc\u00e9nographe marketing freelance : Je dessiner et pr\u00e9sente vos op\u00e9rations marketing \u00e0 l'aide de croquis 2D, storyboard, sc\u00e9nigraphie \/ Paris, Nice, Monaco","og_url":"https:\/\/nyanpereira.fr\/dessinateur\/storyborder-freelance-paris-nice\/scenographe-marketing-theatralisations\/","og_site_name":"Service Cr\u00e9atif &amp; Pr\u00e9sentation Artistique","article_modified_time":"2020-04-04T11:36:40+00:00","og_image":[{"width":1300,"height":977,"url":"https:\/\/nyanpereira.fr\/dessinateur\/wp-content\/uploads\/2020\/01\/Menu.rough_.evenementiel.scenographe.freelance.operation.maketing.jpg","type":"image\/jpeg"}],"twitter_card":"summary_large_image","twitter_misc":{"Dur\u00e9e de lecture estim\u00e9e":"3 minutes"},"schema":{"@context":"https:\/\/schema.org","@graph":[{"@type":"Organization","@id":"https:\/\/nyanpereira.fr\/dessinateur\/#organization","name":"storyboarder Freelance","url":"https:\/\/nyanpereira.fr\/dessinateur\/","sameAs":[],"logo":{"@type":"ImageObject","@id":"https:\/\/nyanpereira.fr\/dessinateur\/#logo","inLanguage":"fr-FR","url":"","contentUrl":"","caption":"storyboarder Freelance"},"image":{"@id":"https:\/\/nyanpereira.fr\/dessinateur\/#logo"}},{"@type":"WebSite","@id":"https:\/\/nyanpereira.fr\/dessinateur\/#website","url":"https:\/\/nyanpereira.fr\/dessinateur\/","name":"Service Cr\u00e9atif &amp; Pr\u00e9sentation Artistique","description":"Roughs, Storyboard, Antimatic &amp; Photomontage","publisher":{"@id":"https:\/\/nyanpereira.fr\/dessinateur\/#organization"},"potentialAction":[{"@type":"SearchAction","target":{"@type":"EntryPoint","urlTemplate":"https:\/\/nyanpereira.fr\/dessinateur\/?s={search_term_string}"},"query-input":"required name=search_term_string"}],"inLanguage":"fr-FR"},{"@type":"ImageObject","@id":"https:\/\/nyanpereira.fr\/dessinateur\/storyborder-freelance-paris-nice\/scenographe-marketing-theatralisations\/#primaryimage","inLanguage":"fr-FR","url":"https:\/\/nyanpereira.fr\/dessinateur\/wp-content\/uploads\/2020\/01\/Menu.rough_.evenementiel.scenographe.freelance.operation.maketing.jpg","contentUrl":"https:\/\/nyanpereira.fr\/dessinateur\/wp-content\/uploads\/2020\/01\/Menu.rough_.evenementiel.scenographe.freelance.operation.maketing.jpg","width":1300,"height":977,"caption":"Menu.rough.evenementiel.scenographe.freelance.operation.maketing"},{"@type":"WebPage","@id":"https:\/\/nyanpereira.fr\/dessinateur\/storyborder-freelance-paris-nice\/scenographe-marketing-theatralisations\/#webpage","url":"https:\/\/nyanpereira.fr\/dessinateur\/storyborder-freelance-paris-nice\/scenographe-marketing-theatralisations\/","name":"Sc\u00e9nographie Pub & Marketing - Service Cr\u00e9atif &amp; Pr\u00e9sentation Artistique \/ PARIS","isPartOf":{"@id":"https:\/\/nyanpereira.fr\/dessinateur\/#website"},"primaryImageOfPage":{"@id":"https:\/\/nyanpereira.fr\/dessinateur\/storyborder-freelance-paris-nice\/scenographe-marketing-theatralisations\/#primaryimage"},"datePublished":"2020-02-20T09:20:00+00:00","dateModified":"2020-04-04T11:36:40+00:00","description":"Sc\u00e9nographe marketing freelance : Je dessiner et pr\u00e9sente vos op\u00e9rations marketing \u00e0 l'aide de croquis 2D, storyboard, sc\u00e9nigraphie \/ Paris, Nice, Monaco","breadcrumb":{"@id":"https:\/\/nyanpereira.fr\/dessinateur\/storyborder-freelance-paris-nice\/scenographe-marketing-theatralisations\/#breadcrumb"},"inLanguage":"fr-FR","potentialAction":[{"@type":"ReadAction","target":["https:\/\/nyanpereira.fr\/dessinateur\/storyborder-freelance-paris-nice\/scenographe-marketing-theatralisations\/"]}]},{"@type":"BreadcrumbList","@id":"https:\/\/nyanpereira.fr\/dessinateur\/storyborder-freelance-paris-nice\/scenographe-marketing-theatralisations\/#breadcrumb","itemListElement":[{"@type":"ListItem","position":1,"name":"Accueil","item":"https:\/\/nyanpereira.fr\/dessinateur\/"},{"@type":"ListItem","position":2,"name":"Roughman Storyboarder Freelance","item":"https:\/\/nyanpereira.fr\/dessinateur\/"},{"@type":"ListItem","position":3,"name":"Sc\u00e9nographie Pub &#038; Marketing"}]}]}},"_links":{"self":[{"href":"https:\/\/nyanpereira.fr\/dessinateur\/wp-json\/wp\/v2\/pages\/6317"}],"collection":[{"href":"https:\/\/nyanpereira.fr\/dessinateur\/wp-json\/wp\/v2\/pages"}],"about":[{"href":"https:\/\/nyanpereira.fr\/dessinateur\/wp-json\/wp\/v2\/types\/page"}],"author":[{"embeddable":true,"href":"https:\/\/nyanpereira.fr\/dessinateur\/wp-json\/wp\/v2\/users\/1"}],"replies":[{"embeddable":true,"href":"https:\/\/nyanpereira.fr\/dessinateur\/wp-json\/wp\/v2\/comments?post=6317"}],"version-history":[{"count":67,"href":"https:\/\/nyanpereira.fr\/dessinateur\/wp-json\/wp\/v2\/pages\/6317\/revisions"}],"predecessor-version":[{"id":7589,"href":"https:\/\/nyanpereira.fr\/dessinateur\/wp-json\/wp\/v2\/pages\/6317\/revisions\/7589"}],"up":[{"embeddable":true,"href":"https:\/\/nyanpereira.fr\/dessinateur\/wp-json\/wp\/v2\/pages\/6037"}],"wp:featuredmedia":[{"embeddable":true,"href":"https:\/\/nyanpereira.fr\/dessinateur\/wp-json\/wp\/v2\/media\/5837"}],"wp:attachment":[{"href":"https:\/\/nyanpereira.fr\/dessinateur\/wp-json\/wp\/v2\/media?parent=6317"}],"curies":[{"name":"wp","href":"https:\/\/api.w.org\/{rel}","templated":true}]}}