{"id":6037,"date":"2020-02-09T18:26:51","date_gmt":"2020-02-09T17:26:51","guid":{"rendered":"https:\/\/preprod.nyanpereira.fr\/?page_id=6037"},"modified":"2021-04-23T07:12:06","modified_gmt":"2021-04-23T06:12:06","slug":"storyborder-freelance-paris-nice","status":"publish","type":"page","link":"https:\/\/nyanpereira.fr\/dessinateur\/","title":{"rendered":"Roughman Storyboarder Freelance"},"content":{"rendered":"<div  class=\"one withsmallpadding ppb_text\" style=\"padding:30px 0 30px 0;\" >\n<div class=\"standard_wrapper\">\n<div class=\"page_content_wrapper\">\n<div class=\"inner\">\n<div style=\"margin:auto;width:100%\">\n<h1 style=\"text-align: center;\">Roughman Storyboarder Freelance<\/h1>\n<p style=\"text-align: center;\">Un roughman ou Storyboarder Freelance peut prendre part aux nombreuses <strong>recherches graphiques d&rsquo;un projet<\/strong>. Recherches <strong>auxquelles donnent lieu la pr\u00e9paration de tournages, la post production d\u2019une publicit\u00e9<\/strong> ou encore \u00e0 la cr\u00e9ation d&rsquo;une op\u00e9ration marketing, ponctuelle. <strong>Vous pouvez faire appel \u00e0 mes services de dessinateur freelance pour plancher les ambiances d&rsquo;un spectacle par exemple.<\/strong> Ou composer les cadrages de votre films publicitaires. En d&rsquo;autres termes, le storybording est de dessiner quantit\u00e9 de croquis pour <strong>d\u00e9finir la direction artistique d\u2019un projet.<\/strong><\/p>\n<\/div>\n<\/div>\n<\/div>\n<\/div>\n<\/div>\n<div  class=\"one withsmallpadding ppb_text\" style=\"padding:30px 0 30px 0;\" >\n<div class=\"standard_wrapper\">\n<div class=\"page_content_wrapper\">\n<div class=\"inner\">\n<div style=\"margin:auto;width:100%\">\n<div class=\"one_third \" style=\"\"><a href=\"https:\/\/nyanpereira.fr\/dessinateur\/gallery\/artiste-storyboarder-croquis-publicite-cinema-paris-france\/\"><img loading=\"lazy\" class=\"size-full wp-image-7131 aligncenter\" src=\"https:\/\/nyanpereira.fr\/dessinateur\/wp-content\/uploads\/2020\/01\/Menu.reference.storyboarer.freelance.pub_.cinema-2.jpg\" alt=\"\" width=\"360\" height=\"271\" \/><\/a><br \/>\n<a href=\"https:\/\/nyanpereira.fr\/dessinateur\/gallery\/roughman-dessinnateur-croquis-crayon-papier-paris\/\"><img loading=\"lazy\" class=\"size-full wp-image-7126 aligncenter\" src=\"https:\/\/nyanpereira.fr\/dessinateur\/wp-content\/uploads\/2020\/01\/Menu-7.croquis.storyboarder.freelance.professionnel.pub_.2.jpg\" alt=\"\" width=\"360\" height=\"271\" \/><\/a><br \/>\n<a href=\"https:\/\/nyanpereira.fr\/dessinateur\/gallery\/roughs-dessin-couleurs-region-paca-nice\/\"><img loading=\"lazy\" class=\"size-full wp-image-7128 aligncenter\" src=\"https:\/\/nyanpereira.fr\/dessinateur\/wp-content\/uploads\/2020\/01\/Menu.2.reference.storyboarer.couleur.freelance.pub_.cinema-2.jpg\" alt=\"\" width=\"360\" height=\"270\" \/><\/a><\/div>\n<div class=\"one_third \" style=\"\"><a href=\"https:\/\/nyanpereira.fr\/dessinateur\/gallery\/theatralisation-scenographie-plv-magasin-evenementiel\/\"><img loading=\"lazy\" class=\"size-full wp-image-7132 aligncenter\" src=\"https:\/\/nyanpereira.fr\/dessinateur\/wp-content\/uploads\/2020\/01\/Menu.rough_.evenementiel.scenographe.freelance.operation.maketing-2.jpg\" alt=\"\" width=\"360\" height=\"271\" \/><\/a><br \/>\n<a href=\"https:\/\/nyanpereira.fr\/dessinateur\/gallery\/pop-up-store-magasin-ephemere-design-concept-store\/\"><img loading=\"lazy\" class=\"size-full wp-image-7133 aligncenter\" src=\"https:\/\/nyanpereira.fr\/dessinateur\/wp-content\/uploads\/2020\/01\/Menu.rough_.evenementiel.scenographie.pop-up.store_.design.magasins.ephemere-2.jpg\" alt=\"\" width=\"360\" height=\"271\" \/><\/a><br \/>\n<a href=\"https:\/\/nyanpereira.fr\/dessinateur\/gallery\/speciale-chef-deco-scenographie-storyboarding\/\"><img loading=\"lazy\" class=\"size-full wp-image-7134 aligncenter\" src=\"https:\/\/nyanpereira.fr\/dessinateur\/wp-content\/uploads\/2020\/01\/Menu.rough_.evenementiel.scenographie.spectacle.chef_.deco_.costume.make-up.film_.cinema-2.jpg\" alt=\"\" width=\"360\" height=\"270\" \/><\/a><\/div>\n<div class=\"one_third last \" style=\"\"><a href=\"https:\/\/nyanpereira.fr\/dessinateur\/gallery\/photoroughs-photographie-photomontage-region-paca\/\"><img loading=\"lazy\" class=\"size-full wp-image-7130 aligncenter\" src=\"https:\/\/nyanpereira.fr\/dessinateur\/wp-content\/uploads\/2020\/01\/Menu.gellerie.photomontage.jpg\" alt=\"\" width=\"360\" height=\"271\" \/><\/a>\u00a0 <a href=\"https:\/\/nyanpereira.fr\/dessinateur\/gallery\/design-dinterieur-concept-store\/\"><img loading=\"lazy\" class=\"size-full wp-image-7129 aligncenter\" src=\"https:\/\/nyanpereira.fr\/dessinateur\/wp-content\/uploads\/2020\/01\/Menu.croquis.designer.mobilier.freelance.design.interieur.professionnel.home_.staging-2.jpg\" alt=\"\" width=\"360\" height=\"270\" \/><\/a>\u00a0 <a href=\"http:\/\/vitrinepeinte.com\/\"><img loading=\"lazy\" class=\"size-full wp-image-7135 aligncenter\" src=\"https:\/\/nyanpereira.fr\/dessinateur\/wp-content\/uploads\/2020\/02\/Menu.peinture.Vitre_.evenementiel.decoration.deco_.devanture.magasin.2.jpg\" alt=\"\" width=\"360\" height=\"270\" \/><\/a><\/div>\n<p><br class=\"clear\"\/><\/p>\n<\/div>\n<\/div>\n<\/div>\n<\/div>\n<\/div>\n<div class=\"standard_wrapper\">\n<div  class=\"one_third withsmallpadding ppb_text\" style=\"padding:30px 0 30px 0;\" >\n<div class=\"standard_wrapper\">\n<div class=\"page_content_wrapper\">\n<div class=\"inner\">\n<div style=\"margin:auto;width:100%\">\n<p><a href=\"https:\/\/nyanpereira.fr\/dessinateur\/storyboarder-storybording-metier-paris\/\"><img loading=\"lazy\" class=\"aligncenter wp-image-7744 size-full\" src=\"https:\/\/nyanpereira.fr\/dessinateur\/wp-content\/uploads\/2020\/02\/07.storyboarder.frelance.pub_.draw_.cinema.france.paris25-min.jpg\" alt=\"planche storyboard Jurassic Park\" width=\"650\" height=\"945\" \/><\/a><\/p>\n<\/div>\n<\/div>\n<\/div>\n<\/div>\n<\/div>\n<\/div>\n<div class=\"standard_wrapper\">\n<div  class=\"two_third last withsmallpadding ppb_text\" style=\"padding:30px 0 30px 0;\" >\n<div class=\"standard_wrapper\">\n<div class=\"page_content_wrapper\">\n<div class=\"inner\">\n<div style=\"margin:auto;width:100%\">\n<h2>Action !<\/h2>\n<p>Un rough est une \u00e9bauche ou une esquisse sommaire destin\u00e9e \u00e0 donner un aper\u00e7u visuel d&rsquo;un plan, d&rsquo;un cadrage, d&rsquo;une illustration ou d&rsquo;une sc\u00e9nographie.<\/p>\n<p>Vous \u00eates sur le point de r\u00e9aliser un film publicitaire ? <strong>Le sc\u00e9nario est pr\u00eat mais vous n&rsquo;avez ni roughman, ni storyboarder freelance pour esquisser et d\u00e9couper votre histoire ? <\/strong>Je vous propose dessiner les cadrages, et composer les plans de chacune des sc\u00e8nes. Je peux vous accompagner dans la r\u00e9alisation de votre projet cin\u00e9matographique en illustrant des planches storyboard. Planche storyboard qui vous permettront de diriger les diff\u00e9rentes \u00e9quipes production n\u00e9cessaires \u00e0 la r\u00e9alisation d&rsquo;un film. <span style=\"color: #999999;\"><em>(Retouche dans <a href=\"https:\/\/fr.wikipedia.org\/wiki\/D%C3%A9cor\">d\u00e9cor<\/a> naturel, Matte-painting 2D, Extension num\u00e9rique &#038; matte 3D&#8230;)<\/em><\/span>. Storyboard et vignettes qui permettront d&rsquo;organiser le d\u00e9roulement de l&rsquo;histoire mais surtout de chiffrer les co\u00fbt production.<\/p>\n<blockquote>\n<p><a href=\"https:\/\/nyanpereira.fr\/dessinateur\/universcience-expo-effets-speciaux\/\">Vous voulez revenir au temps des ch\u00e2teaux ?<\/a><br \/>\n<a href=\"https:\/\/nyanpereira.fr\/dessinateur\/europcar-covering-dragon-gots8-making-of-campagne-publicite-game-of-thrones-ocs\/\">Retourner au temps des Dragons ?<\/a><br \/>\n<a href=\"https:\/\/nyanpereira.fr\/dessinateur\/galleries\/speciale-chef-deco\/\">Ou simplement voyager et d\u00e9couvrir d&rsquo;autres plan\u00e8tes ?<\/a><\/p>\n<\/blockquote>\n<p><span style=\"color: #999999;\"><em><strong>Pour un film en STOP MOTION :<\/strong>\u00a0 Jurassic Park par exemple ! La production avait fait appel au sp\u00e9cialiste mondial du Stop Motion, Phil Tippett. Il a commenc\u00e9 a construire des marionnettes de dinosaures et \u00e0 les animer image par image. <\/em><\/span><\/p>\n<p><span style=\"color: #999999;\"><em>En parallele, les gens de chez ILM ont d\u00e9cide de tenter une \u00a0mod\u00e9lisation 3D de dinosaures. Lorsqu&rsquo;il a vu les essais de ILM, <a style=\"color: #999999;\" href=\"https:\/\/en.wikipedia.org\/wiki\/Phil_Tippett\">Phil Tippett<\/a> a dit qu&rsquo;il se consid\u00e9rait d\u00e9sormais comme une esp\u00e8ce en voie de disparition. Il a int\u00e9gr\u00e9 l&rsquo;\u00e9quipe d&rsquo;ILM et il est devenu leur animateur vedette pendant des ann\u00e9es. \u00a0C&rsquo;\u00e9tait en 1993.<\/em><\/span><\/p>\n<h2>Coup\u00e9 !<\/h2>\n<p>Un vignette storyboard est con\u00e7ut et coup\u00e9 plan par plan, vignette par vignette ! Chacune d&rsquo;elle inclut la recherche de plan et de cadrage pr\u00e9sent\u00e9 sous forme de croquis. <a href=\"https:\/\/nyanpereira.fr\/dessinateur\/universcience-expo-effets-speciaux\/\"><span style=\"color: #999999;\">(plan serr\u00e9, plan moyen ou plan large)<\/span><\/a> Elles comprennent aussi les recherches crayonn\u00e9s des angles de prise de vues, des sources de lumi\u00e8res et des mouvements de cam\u00e9ra via l&rsquo;int\u00e9gration de fl\u00e8ches. <span style=\"color: #999999;\"><em>(panoramique, travelling ou zoom, en PAN, en TILTE&#8230;).<\/em><\/span> Ou plus simplement les croquis des attitudes et d\u00e9placements des com\u00e9diens. Exemple lors de plan en mouvement. <strong>Et enfin pour finir, parlons budget.<\/strong> Pour un courtm\u00e9trage, les plans complexes sont au m\u00eame tarif que les plans simple car dans un cas g\u00e9n\u00e9rale, un ratio s&rsquo;installe et s&rsquo;\u00e9quilibrent.<\/p>\n<h2>Et pour le Cin\u00e9ma me direz-vous ?<\/h2>\n<p>Si un grand nombres de vignettes sont n\u00e9cessaires \u00e0 la production de votre film . Entre 200 \u00e0 1 000 vignettes storyboard pour la production de tous les cadrages, les d\u00e9cors construit et les costumes sur-mesure ou le stylime des personnages&#8230; En bref, pour la conception d&rsquo;un lon-m\u00e9trage nous parlons d&rsquo;un tarif jour avec un rendement jour minimum bien entendu.<\/p>\n<p><a class=\"button small \" onclick=\"window.open('https:\/\/nyanpereira.fr\/dessinateur\/contact-dessinateur-roughman-storyborder-illustrateur-freelance\/', '_self')\">Vous avez une ou plusieurs questions ?<\/a><\/p>\n<p>\u00a0<\/p>\n<\/div>\n<\/div>\n<\/div>\n<\/div>\n<\/div>\n<\/div>\n","protected":false},"excerpt":{"rendered":"","protected":false},"author":1,"featured_media":7131,"parent":0,"menu_order":0,"comment_status":"closed","ping_status":"closed","template":"","meta":[],"yoast_head":"<!-- This site is optimized with the Yoast SEO plugin v17.9 - https:\/\/yoast.com\/wordpress\/plugins\/seo\/ -->\n<title>ROUGHMAN Storyboarder Freelance : Rough, Storyboard &amp; Sc\u00e9nographie<\/title>\n<meta name=\"description\" content=\"Professionel de la Publicit\u00e9 : Roughman Storyboarder Freelance \u00e0 Paris : Mon m\u00e9tier est de dessiner et pr\u00e9senter vos films \u00e0 l&#039;aide de croquis, de storyboard, ou de sc\u00e9nigraphie.\" \/>\n<meta name=\"robots\" content=\"index, follow, max-snippet:-1, max-image-preview:large, max-video-preview:-1\" \/>\n<link rel=\"canonical\" href=\"https:\/\/nyanpereira.fr\/dessinateur\/\" \/>\n<meta property=\"og:locale\" content=\"fr_FR\" \/>\n<meta property=\"og:type\" content=\"article\" \/>\n<meta property=\"og:title\" content=\"ROUGHMAN Storyboarder Freelance : Rough, Storyboard &amp; Sc\u00e9nographie\" \/>\n<meta property=\"og:description\" content=\"Professionel de la Publicit\u00e9 : Roughman Storyboarder Freelance \u00e0 Paris : Mon m\u00e9tier est de dessiner et pr\u00e9senter vos films \u00e0 l&#039;aide de croquis, de storyboard, ou de sc\u00e9nigraphie.\" \/>\n<meta property=\"og:url\" content=\"https:\/\/nyanpereira.fr\/dessinateur\/\" \/>\n<meta property=\"og:site_name\" content=\"Service Cr\u00e9atif &amp; Pr\u00e9sentation Artistique\" \/>\n<meta property=\"article:modified_time\" content=\"2021-04-23T06:12:06+00:00\" \/>\n<meta property=\"og:image\" content=\"https:\/\/nyanpereira.fr\/dessinateur\/wp-content\/uploads\/2020\/01\/Menu.reference.storyboarer.freelance.pub_.cinema-2.jpg\" \/>\n\t<meta property=\"og:image:width\" content=\"360\" \/>\n\t<meta property=\"og:image:height\" content=\"271\" \/>\n\t<meta property=\"og:image:type\" content=\"image\/jpeg\" \/>\n<meta name=\"twitter:card\" content=\"summary_large_image\" \/>\n<meta name=\"twitter:label1\" content=\"Dur\u00e9e de lecture estim\u00e9e\" \/>\n\t<meta name=\"twitter:data1\" content=\"3 minutes\" \/>\n<script type=\"application\/ld+json\" class=\"yoast-schema-graph\">{\"@context\":\"https:\/\/schema.org\",\"@graph\":[{\"@type\":\"Organization\",\"@id\":\"https:\/\/nyanpereira.fr\/dessinateur\/#organization\",\"name\":\"storyboarder Freelance\",\"url\":\"https:\/\/nyanpereira.fr\/dessinateur\/\",\"sameAs\":[],\"logo\":{\"@type\":\"ImageObject\",\"@id\":\"https:\/\/nyanpereira.fr\/dessinateur\/#logo\",\"inLanguage\":\"fr-FR\",\"url\":\"\",\"contentUrl\":\"\",\"caption\":\"storyboarder Freelance\"},\"image\":{\"@id\":\"https:\/\/nyanpereira.fr\/dessinateur\/#logo\"}},{\"@type\":\"WebSite\",\"@id\":\"https:\/\/nyanpereira.fr\/dessinateur\/#website\",\"url\":\"https:\/\/nyanpereira.fr\/dessinateur\/\",\"name\":\"Service Cr\\u00e9atif &amp; Pr\\u00e9sentation Artistique\",\"description\":\"Roughs, Storyboard, Antimatic &amp; Photomontage\",\"publisher\":{\"@id\":\"https:\/\/nyanpereira.fr\/dessinateur\/#organization\"},\"potentialAction\":[{\"@type\":\"SearchAction\",\"target\":{\"@type\":\"EntryPoint\",\"urlTemplate\":\"https:\/\/nyanpereira.fr\/dessinateur\/?s={search_term_string}\"},\"query-input\":\"required name=search_term_string\"}],\"inLanguage\":\"fr-FR\"},{\"@type\":\"ImageObject\",\"@id\":\"https:\/\/nyanpereira.fr\/dessinateur\/#primaryimage\",\"inLanguage\":\"fr-FR\",\"url\":\"https:\/\/nyanpereira.fr\/dessinateur\/wp-content\/uploads\/2020\/01\/Menu.reference.storyboarer.freelance.pub_.cinema-2.jpg\",\"contentUrl\":\"https:\/\/nyanpereira.fr\/dessinateur\/wp-content\/uploads\/2020\/01\/Menu.reference.storyboarer.freelance.pub_.cinema-2.jpg\",\"width\":360,\"height\":271,\"caption\":\"Menu.reference.storyboarer.freelance.pub.cinema-2\"},{\"@type\":\"WebPage\",\"@id\":\"https:\/\/nyanpereira.fr\/dessinateur\/#webpage\",\"url\":\"https:\/\/nyanpereira.fr\/dessinateur\/\",\"name\":\"ROUGHMAN Storyboarder Freelance : Rough, Storyboard & Sc\\u00e9nographie\",\"isPartOf\":{\"@id\":\"https:\/\/nyanpereira.fr\/dessinateur\/#website\"},\"primaryImageOfPage\":{\"@id\":\"https:\/\/nyanpereira.fr\/dessinateur\/#primaryimage\"},\"datePublished\":\"2020-02-09T17:26:51+00:00\",\"dateModified\":\"2021-04-23T06:12:06+00:00\",\"description\":\"Professionel de la Publicit\\u00e9 : Roughman Storyboarder Freelance \\u00e0 Paris : Mon m\\u00e9tier est de dessiner et pr\\u00e9senter vos films \\u00e0 l'aide de croquis, de storyboard, ou de sc\\u00e9nigraphie.\",\"breadcrumb\":{\"@id\":\"https:\/\/nyanpereira.fr\/dessinateur\/#breadcrumb\"},\"inLanguage\":\"fr-FR\",\"potentialAction\":[{\"@type\":\"ReadAction\",\"target\":[\"https:\/\/nyanpereira.fr\/dessinateur\/\"]}]},{\"@type\":\"BreadcrumbList\",\"@id\":\"https:\/\/nyanpereira.fr\/dessinateur\/#breadcrumb\",\"itemListElement\":[{\"@type\":\"ListItem\",\"position\":1,\"name\":\"Accueil\",\"item\":\"https:\/\/nyanpereira.fr\/dessinateur\/\"},{\"@type\":\"ListItem\",\"position\":2,\"name\":\"Roughman Storyboarder Freelance\"}]}]}<\/script>\n<!-- \/ Yoast SEO plugin. -->","yoast_head_json":{"title":"ROUGHMAN Storyboarder Freelance : Rough, Storyboard & Sc\u00e9nographie","description":"Professionel de la Publicit\u00e9 : Roughman Storyboarder Freelance \u00e0 Paris : Mon m\u00e9tier est de dessiner et pr\u00e9senter vos films \u00e0 l'aide de croquis, de storyboard, ou de sc\u00e9nigraphie.","robots":{"index":"index","follow":"follow","max-snippet":"max-snippet:-1","max-image-preview":"max-image-preview:large","max-video-preview":"max-video-preview:-1"},"canonical":"https:\/\/nyanpereira.fr\/dessinateur\/","og_locale":"fr_FR","og_type":"article","og_title":"ROUGHMAN Storyboarder Freelance : Rough, Storyboard & Sc\u00e9nographie","og_description":"Professionel de la Publicit\u00e9 : Roughman Storyboarder Freelance \u00e0 Paris : Mon m\u00e9tier est de dessiner et pr\u00e9senter vos films \u00e0 l'aide de croquis, de storyboard, ou de sc\u00e9nigraphie.","og_url":"https:\/\/nyanpereira.fr\/dessinateur\/","og_site_name":"Service Cr\u00e9atif &amp; Pr\u00e9sentation Artistique","article_modified_time":"2021-04-23T06:12:06+00:00","og_image":[{"width":360,"height":271,"url":"https:\/\/nyanpereira.fr\/dessinateur\/wp-content\/uploads\/2020\/01\/Menu.reference.storyboarer.freelance.pub_.cinema-2.jpg","type":"image\/jpeg"}],"twitter_card":"summary_large_image","twitter_misc":{"Dur\u00e9e de lecture estim\u00e9e":"3 minutes"},"schema":{"@context":"https:\/\/schema.org","@graph":[{"@type":"Organization","@id":"https:\/\/nyanpereira.fr\/dessinateur\/#organization","name":"storyboarder Freelance","url":"https:\/\/nyanpereira.fr\/dessinateur\/","sameAs":[],"logo":{"@type":"ImageObject","@id":"https:\/\/nyanpereira.fr\/dessinateur\/#logo","inLanguage":"fr-FR","url":"","contentUrl":"","caption":"storyboarder Freelance"},"image":{"@id":"https:\/\/nyanpereira.fr\/dessinateur\/#logo"}},{"@type":"WebSite","@id":"https:\/\/nyanpereira.fr\/dessinateur\/#website","url":"https:\/\/nyanpereira.fr\/dessinateur\/","name":"Service Cr\u00e9atif &amp; Pr\u00e9sentation Artistique","description":"Roughs, Storyboard, Antimatic &amp; Photomontage","publisher":{"@id":"https:\/\/nyanpereira.fr\/dessinateur\/#organization"},"potentialAction":[{"@type":"SearchAction","target":{"@type":"EntryPoint","urlTemplate":"https:\/\/nyanpereira.fr\/dessinateur\/?s={search_term_string}"},"query-input":"required name=search_term_string"}],"inLanguage":"fr-FR"},{"@type":"ImageObject","@id":"https:\/\/nyanpereira.fr\/dessinateur\/#primaryimage","inLanguage":"fr-FR","url":"https:\/\/nyanpereira.fr\/dessinateur\/wp-content\/uploads\/2020\/01\/Menu.reference.storyboarer.freelance.pub_.cinema-2.jpg","contentUrl":"https:\/\/nyanpereira.fr\/dessinateur\/wp-content\/uploads\/2020\/01\/Menu.reference.storyboarer.freelance.pub_.cinema-2.jpg","width":360,"height":271,"caption":"Menu.reference.storyboarer.freelance.pub.cinema-2"},{"@type":"WebPage","@id":"https:\/\/nyanpereira.fr\/dessinateur\/#webpage","url":"https:\/\/nyanpereira.fr\/dessinateur\/","name":"ROUGHMAN Storyboarder Freelance : Rough, Storyboard & Sc\u00e9nographie","isPartOf":{"@id":"https:\/\/nyanpereira.fr\/dessinateur\/#website"},"primaryImageOfPage":{"@id":"https:\/\/nyanpereira.fr\/dessinateur\/#primaryimage"},"datePublished":"2020-02-09T17:26:51+00:00","dateModified":"2021-04-23T06:12:06+00:00","description":"Professionel de la Publicit\u00e9 : Roughman Storyboarder Freelance \u00e0 Paris : Mon m\u00e9tier est de dessiner et pr\u00e9senter vos films \u00e0 l'aide de croquis, de storyboard, ou de sc\u00e9nigraphie.","breadcrumb":{"@id":"https:\/\/nyanpereira.fr\/dessinateur\/#breadcrumb"},"inLanguage":"fr-FR","potentialAction":[{"@type":"ReadAction","target":["https:\/\/nyanpereira.fr\/dessinateur\/"]}]},{"@type":"BreadcrumbList","@id":"https:\/\/nyanpereira.fr\/dessinateur\/#breadcrumb","itemListElement":[{"@type":"ListItem","position":1,"name":"Accueil","item":"https:\/\/nyanpereira.fr\/dessinateur\/"},{"@type":"ListItem","position":2,"name":"Roughman Storyboarder Freelance"}]}]}},"_links":{"self":[{"href":"https:\/\/nyanpereira.fr\/dessinateur\/wp-json\/wp\/v2\/pages\/6037"}],"collection":[{"href":"https:\/\/nyanpereira.fr\/dessinateur\/wp-json\/wp\/v2\/pages"}],"about":[{"href":"https:\/\/nyanpereira.fr\/dessinateur\/wp-json\/wp\/v2\/types\/page"}],"author":[{"embeddable":true,"href":"https:\/\/nyanpereira.fr\/dessinateur\/wp-json\/wp\/v2\/users\/1"}],"replies":[{"embeddable":true,"href":"https:\/\/nyanpereira.fr\/dessinateur\/wp-json\/wp\/v2\/comments?post=6037"}],"version-history":[{"count":211,"href":"https:\/\/nyanpereira.fr\/dessinateur\/wp-json\/wp\/v2\/pages\/6037\/revisions"}],"predecessor-version":[{"id":9440,"href":"https:\/\/nyanpereira.fr\/dessinateur\/wp-json\/wp\/v2\/pages\/6037\/revisions\/9440"}],"wp:featuredmedia":[{"embeddable":true,"href":"https:\/\/nyanpereira.fr\/dessinateur\/wp-json\/wp\/v2\/media\/7131"}],"wp:attachment":[{"href":"https:\/\/nyanpereira.fr\/dessinateur\/wp-json\/wp\/v2\/media?parent=6037"}],"curies":[{"name":"wp","href":"https:\/\/api.w.org\/{rel}","templated":true}]}}