{"id":1534,"date":"2017-04-07T10:29:54","date_gmt":"2017-04-07T09:29:54","guid":{"rendered":"http:\/\/nyanpereira.fr\/dessinateur\/?page_id=1534"},"modified":"2020-05-29T08:01:49","modified_gmt":"2020-05-29T07:01:49","slug":"roughman-freelance-storyboard-cinema","status":"publish","type":"page","link":"https:\/\/nyanpereira.fr\/dessinateur\/roughman-freelance-storyboard-cinema\/","title":{"rendered":"ROUGHMAN Freelance \/\/ Aux service du cin\u00e9ma et de la publicit\u00e9"},"content":{"rendered":"<h1>ROUGHMAN Freelance \/\/ Aux service de la publicit\u00e9<\/h1>\n<p><em>Un roughman freelance qui \u00e9volue dans le secteurs de la communication et de la publicit\u00e9. Un m\u00e9tier cr\u00e9atif qui surf sur les modes, les tendances et les avanc\u00e9es technologiques. Le seul bute \u00e9tant de mettre sont Art au service de tous les secteurs d&rsquo;activit\u00e9 confondus. C&rsquo;est un professionnel de la cr\u00e9ation qui ma\u00eetrise les logiciels mais surtout les m\u00e9thodes de cr\u00e9ation, de la conception \u00e0 la production d&rsquo;une campagne de publicit\u00e9. <\/em><\/p>\n<p><img loading=\"lazy\" class=\"alignleft wp-image-4540 size-medium\" src=\"https:\/\/nyanpereira.fr\/dessinateur\/wp-content\/uploads\/2017\/03\/storyboarder.film_.vacance.iles_.ocean_-206x300.jpg\" alt=\"\" width=\"206\" height=\"300\" \/> <img loading=\"lazy\" class=\"alignleft wp-image-4534 size-medium\" src=\"https:\/\/nyanpereira.fr\/dessinateur\/wp-content\/uploads\/2017\/03\/storyboarder.croquis.film_.afrique-206x300.jpg\" alt=\"\" width=\"206\" height=\"300\" \/> <img loading=\"lazy\" class=\"alignleft wp-image-4537 size-medium\" src=\"https:\/\/nyanpereira.fr\/dessinateur\/wp-content\/uploads\/2017\/03\/storyboarder.film_.politique.afrique-206x300.jpg\" alt=\"\" width=\"206\" height=\"300\" \/><img loading=\"lazy\" class=\"alignleft wp-image-6107 size-medium\" src=\"https:\/\/nyanpereira.fr\/dessinateur\/wp-content\/uploads\/2020\/02\/08.storyboarder.scenographe.freelance.paris_.spectacle.cinema.france.paris121-206x300.jpg\" alt=\"\" width=\"206\" height=\"300\" \/><img loading=\"lazy\" class=\"alignleft wp-image-6114 size-medium\" src=\"https:\/\/nyanpereira.fr\/dessinateur\/wp-content\/uploads\/2020\/02\/08.storyboarder.scenographe.freelance.paris_.spectacle.cinema.france.paris131-206x300.jpg\" alt=\"08.storyboarder.scenographe.freelance.paris.spectacle.cinema.france.paris131\" width=\"206\" height=\"300\" \/><\/p>\n<hr \/>\n<p>&nbsp;<\/p>\n<p>Le monde de la communication au sens large et celui de la publicit\u00e9 plus pr\u00e9cis\u00e9ment font r\u00e9guli\u00e8rement \u00e0 mes services. <em>(Pop-up Store, design d&rsquo;espace de vente, animation GSS &amp; GSA, visuel de campagne, photographie, films digitale&#8230; )<\/em> autant de formes de communication que d&rsquo;agences de communications que j\u2019accompagne dans leurs concepts et leurs pr\u00e9sentations cr\u00e9atives.<br \/>\nEntre Rough &#8211; Storyboard et <strong>sc\u00e9nographie en passant par le photomontage et l&rsquo;animation 2D. D\u00e9couvrez les m\u00e9tiers d&rsquo;un artiste de la publicit\u00e9<\/strong>.<\/p>\n<div class=\"pp_accordion has_icon\">\n<h3><a href=\"#\"><i class=\"fa icone\"><\/i><strong>Roughman Freelance<\/strong> &#8211; Dessinateur marketing<\/a><\/h3>\n<div>\n<p><span class=\"st\">Sp\u00e9cialis\u00e9 dans le court-m\u00e9trage et la production de publicit\u00e9. <\/span>Mon m\u00e9tier est d&rsquo;\u00e9couter, comprendre, rechercher, valoriser et pr\u00e9senter vos intentions cr\u00e9atives. Telles sont mes pr\u00e9occupations au quotidien. <strong>Travail rapide, efficace et convivial,<\/strong> je vous aide \u00e0 coucher sur papier vos plus belles id\u00e9es avec une grande r\u00e9activit\u00e9 et un coup de crayon aff\u00fbt\u00e9.<img loading=\"lazy\" class=\"alignleft size-full wp-image-5798\" src=\"https:\/\/nyanpereira.fr\/dessinateur\/wp-content\/uploads\/2018\/02\/Storyboard.storyboarder.etape_.de_.creation.film_.publicite.pub_.jpg\" alt=\"\" width=\"850\" height=\"218\" \/><\/p>\n<p>&nbsp;<\/p>\n<\/div>\n<\/div>\n<div class=\"pp_accordion_close has_icon\">\n<h3><a href=\"#\"><i class=\"fa icone\"><\/i><strong>Sc\u00e9nographe marketing &amp; sp\u00e9ctacle<\/strong> &#8211; Dessinateur marketing<\/a><\/h3>\n<div>\n<p>C&rsquo;est l&rsquo;art de l&rsquo;organisation d&rsquo;espace, gr\u00e2ce \u00e0 la coordination des moyens techniques et Artistiques. Le m\u00e9tier de sc\u00e9nographe consiste, selon moi, \u00e0 retranscrire dans l\u2019espace de vente ou sur un sc\u00e8ne de sp\u00e9ciale une ambiance propice au voyage et l\u2019\u00e9vasion.<\/p>\n<p>Je travaille en tant que sc\u00e9nographe pour des agances, des producteurs, des chefs d\u00e9corateur et surtout des agences d\u2019\u00e9v\u00e9nementiel. Professionnel de l\u2019organisation et de l&rsquo;espace, d\u00e9couvrez les coulisses de mon m\u00e9tier de sc\u00e9nographe.<\/p>\n<p><a href=\"https:\/\/nyanpereira.fr\/dessinateur\/galleries\/scenographe-professionel-paris-scenbographie-markketing\/\"><img loading=\"lazy\" class=\"alignleft wp-image-6097 size-full\" src=\"https:\/\/nyanpereira.fr\/dessinateur\/wp-content\/uploads\/2020\/02\/08.storyboarder.scenographe.freelance.paris_.spectacle.cinema.france.paris19.jpg\" alt=\"\" width=\"650\" height=\"945\" \/><\/a><\/p>\n<\/div>\n<\/div>\n<div class=\"pp_accordion_close has_icon\">\n<h3><a href=\"#\"><i class=\"fa icone\"><\/i> <strong>Storyboard Freelance<\/strong> &#8211; L&rsquo;ombre du Cin\u00e9ma et Publicit\u00e9<\/a><\/h3>\n<div>\n<p><h5>L&rsquo;art des fl\u00e8ches et du d\u00e9coupage !<\/h5>\n<p>Le storyboard est l&rsquo;\u00e9tape d\u2019avant tournage qui permet de d\u00e9finir le cahier des charges les futurs plans s\u00e9quences d\u2019un film. C&rsquo;est la recherche crayonn\u00e9e des cadrages, des d\u00e9cors, des mouvements des personnages, des mouvements cam\u00e9ras ou des transitions visuelles. En bref c\u2019est la <strong>transcription du sc\u00e9nario en image<\/strong>.<\/p>\n<p><a href=\"https:\/\/nyanpereira.fr\/dessinateur\/galleries\/storyboarding-cinema-publicite-pub-roughman-storyboarder-paris\/\"><img loading=\"lazy\" class=\"alignleft wp-image-6006 size-full\" src=\"https:\/\/nyanpereira.fr\/dessinateur\/wp-content\/uploads\/2020\/02\/07.storyboarder.frelance.pub_.draw_.cinema.france.paris27.jpg\" alt=\"\" width=\"650\" height=\"945\" \/><\/a><\/p>\n<p><img loading=\"lazy\" class=\"alignleft size-full wp-image-6004\" src=\"https:\/\/nyanpereira.fr\/dessinateur\/wp-content\/uploads\/2020\/02\/07.storyboarder.frelance.pub_.draw_.cinema.france.paris25.jpg\" alt=\"\" width=\"650\" height=\"945\" \/>\n<\/p>\n<\/div>\n<\/div>\n<div class=\"pp_accordion_close has_icon\">\n<h3><a href=\"#\"><i class=\"fa icone\"><\/i><strong>Animatic<\/strong> &#8211; Storyboarder Motion <\/a><\/h3>\n<div>\n<p>Pour ceux qui ne laisse aucune de place au hasard, le <strong>motion design<\/strong> crois\u00e9 au <strong>storyboard<\/strong> donne naissance \u00e0 <strong>l\u2019animatic<\/strong>.<\/p>\n<p>En d&rsquo;autre terme, c&rsquo;est une technique de pr\u00e9sentation avanc\u00e9e d\u2019un spot, d&rsquo;un film ou d&rsquo;une animation. Elle permet de d\u00e9finir les temps, les mouvements mais aussi les voix-off et la musique de chacune des s\u00e9quences avant de lancer une production.<\/p>\n<p>&nbsp;<\/p>\n<\/div>\n<\/div>\n<div class=\"pp_accordion_close has_icon\">\n<h3><a href=\"#\"><i class=\"fa icone\"><\/i><strong>PhotoMontage<\/strong>&#8211; L&rsquo;art du Photo Collage <\/a><\/h3>\n<div>\n<p>Le photomontage est au print ce que l\u2019animatic est \u00e0 la vid\u00e9o. <strong>Il ne laisse aucune place au hasard.<\/strong><br \/>\nComme un rough ou un storyboard, ce support de pr\u00e9sentation permet de d\u00e9finir les moindres d\u00e9tails d\u2019un visuel avant de le produire. <em>Comme par Exemple atittitudes, cadrages, lumi\u00e8res, stylismes, attitudes, paysages\u2026.<\/em><br \/>\n<strong>Un art au service de votre cr\u00e9ativit\u00e9 qui permet de fusionner les univers entre eux et ainsi donner naissance \u00e0 des images \u00e9tonnantes et d\u00e9cal\u00e9es.<\/strong> Exemple ci-dessous<\/p>\n<p>&nbsp;<\/p>\n<p><a href=\"https:\/\/nyanpereira.fr\/dessinateur\/galleries\/montage-photomontage\/\"><img loading=\"lazy\" class=\"alignleft wp-image-4575\" src=\"http:\/\/nyanpereira.fr\/dessinateur\/wp-content\/uploads\/2017\/03\/Photographe.studio.publiciter.campagne.communication5.jpg\" alt=\"Photographe.studio.publiciter.campagne.communication5\" width=\"241\" height=\"377\" \/><\/a> <a href=\"https:\/\/nyanpereira.fr\/dessinateur\/galleries\/montage-photomontage\/\"><img loading=\"lazy\" class=\"alignleft wp-image-4567\" src=\"http:\/\/nyanpereira.fr\/dessinateur\/wp-content\/uploads\/2017\/03\/RoughPhoto.studio.retouche..jpg6_.jpg\" alt=\"RoughPhoto.studio.retouche..jpg6\" width=\"241\" height=\"377\" \/><\/a> <img loading=\"lazy\" class=\"alignleft wp-image-4564\" src=\"http:\/\/nyanpereira.fr\/dessinateur\/wp-content\/uploads\/2017\/03\/RoughPhoto.studio.retouche..jpg3_.jpg\" alt=\"RoughPhoto.studio.retouche..jpg3\" width=\"241\" height=\"377\" \/> <img loading=\"lazy\" class=\"alignleft wp-image-4563\" src=\"http:\/\/nyanpereira.fr\/dessinateur\/wp-content\/uploads\/2017\/03\/RoughPhoto.studio.retouche..jpg2_.jpg\" alt=\"RoughPhoto.studio.retouche..jpg2\" width=\"241\" height=\"377\" \/> <img loading=\"lazy\" class=\"alignleft wp-image-4562\" src=\"http:\/\/nyanpereira.fr\/dessinateur\/wp-content\/uploads\/2017\/03\/RoughPhoto.studio.retouche..jpg.jpg\" alt=\"RoughPhoto.studio.retouche..jpg\" width=\"241\" height=\"377\" \/><br \/>\n<img loading=\"lazy\" class=\"alignleft wp-image-2869\" src=\"http:\/\/nyanpereira.fr\/dessinateur\/wp-content\/uploads\/2014\/03\/2.Photoraphe-photomontage-en-Paca.Total-Covering-Eurpcar.jpg.jpg\" alt=\"2.Photoraphe-photomontage-en-Paca.Total-Covering-Eurpcar.jpg\" width=\"241\" height=\"377\" \/><\/p>\n<\/div>\n<\/div>\n<div class=\"video-container\"><iframe src=\"https:\/\/player.vimeo.com\/video\/385256595?title=0&amp;byline=0&amp;portrait=0\" width=\"640\" height=\"361\" frameborder=\"0\" webkitallowfullscreen mozallowfullscreen allowfullscreen><\/iframe><\/div>\n<div class=\"pp_accordion_close has_icon\">\n<h3><a href=\"#\"><i class=\"fa icone\"><\/i>R\u00e9f\u00e9rencement<\/a><\/h3>\n<div>\n<p><em>R\u00e9f\u00e9rencement : Roughman, Dessinateur et Storyboarder Freelance en Region Paca. Dessinateur et Storyboarder \u00e0 Draguignan(83), Dessinateur et Illustrateur \u00e0 Marseille(13), Dessinateur et Storyboarder \u00e0 Nice(06), Dessinateur et Storyboarder \u00e0 Toulon(83), Dessinateur et Storyboarder \u00e0 Cannes(06) Illustrateur en r\u00e9gion Paca, Illustrateur \u00e0 Aix-en-Provence.<\/em>\n<\/p>\n<\/div>\n<\/div>\n","protected":false},"excerpt":{"rendered":"","protected":false},"author":1,"featured_media":0,"parent":0,"menu_order":0,"comment_status":"closed","ping_status":"closed","template":"","meta":[],"yoast_head":"<!-- This site is optimized with the Yoast SEO plugin v17.9 - https:\/\/yoast.com\/wordpress\/plugins\/seo\/ -->\n<title>ROUGHMAN Freelance \/\/ Aux service de la publicit\u00e9 \/ PARIS - NICE<\/title>\n<meta name=\"description\" content=\"Roughman freelance Entre rough - Storyboard et sc\u00e9nographie et photomontage. D\u00e9couvrez l&#039;oeuvre d&#039;artiste roughman freelance \u00e0 Paris\" \/>\n<meta name=\"robots\" content=\"index, follow, max-snippet:-1, max-image-preview:large, max-video-preview:-1\" \/>\n<link rel=\"canonical\" href=\"https:\/\/nyanpereira.fr\/dessinateur\/roughman-freelance-storyboard-cinema\/\" \/>\n<meta property=\"og:locale\" content=\"fr_FR\" \/>\n<meta property=\"og:type\" content=\"article\" \/>\n<meta property=\"og:title\" content=\"ROUGHMAN Freelance \/\/ Aux service de la publicit\u00e9 \/ PARIS - NICE\" \/>\n<meta property=\"og:description\" content=\"Roughman freelance Entre rough - Storyboard et sc\u00e9nographie et photomontage. D\u00e9couvrez l&#039;oeuvre d&#039;artiste roughman freelance \u00e0 Paris\" \/>\n<meta property=\"og:url\" content=\"https:\/\/nyanpereira.fr\/dessinateur\/roughman-freelance-storyboard-cinema\/\" \/>\n<meta property=\"og:site_name\" content=\"Service Cr\u00e9atif &amp; Pr\u00e9sentation Artistique\" \/>\n<meta property=\"article:modified_time\" content=\"2020-05-29T07:01:49+00:00\" \/>\n<meta property=\"og:image\" content=\"https:\/\/nyanpereira.fr\/dessinateur\/wp-content\/uploads\/2017\/03\/storyboarder.film_.vacance.iles_.ocean_-206x300.jpg\" \/>\n<meta name=\"twitter:card\" content=\"summary_large_image\" \/>\n<meta name=\"twitter:label1\" content=\"Dur\u00e9e de lecture estim\u00e9e\" \/>\n\t<meta name=\"twitter:data1\" content=\"3 minutes\" \/>\n<script type=\"application\/ld+json\" class=\"yoast-schema-graph\">{\"@context\":\"https:\/\/schema.org\",\"@graph\":[{\"@type\":\"Organization\",\"@id\":\"https:\/\/nyanpereira.fr\/dessinateur\/#organization\",\"name\":\"storyboarder Freelance\",\"url\":\"https:\/\/nyanpereira.fr\/dessinateur\/\",\"sameAs\":[],\"logo\":{\"@type\":\"ImageObject\",\"@id\":\"https:\/\/nyanpereira.fr\/dessinateur\/#logo\",\"inLanguage\":\"fr-FR\",\"url\":\"\",\"contentUrl\":\"\",\"caption\":\"storyboarder Freelance\"},\"image\":{\"@id\":\"https:\/\/nyanpereira.fr\/dessinateur\/#logo\"}},{\"@type\":\"WebSite\",\"@id\":\"https:\/\/nyanpereira.fr\/dessinateur\/#website\",\"url\":\"https:\/\/nyanpereira.fr\/dessinateur\/\",\"name\":\"Service Cr\\u00e9atif &amp; Pr\\u00e9sentation Artistique\",\"description\":\"Roughs, Storyboard, Antimatic &amp; Photomontage\",\"publisher\":{\"@id\":\"https:\/\/nyanpereira.fr\/dessinateur\/#organization\"},\"potentialAction\":[{\"@type\":\"SearchAction\",\"target\":{\"@type\":\"EntryPoint\",\"urlTemplate\":\"https:\/\/nyanpereira.fr\/dessinateur\/?s={search_term_string}\"},\"query-input\":\"required name=search_term_string\"}],\"inLanguage\":\"fr-FR\"},{\"@type\":\"ImageObject\",\"@id\":\"https:\/\/nyanpereira.fr\/dessinateur\/roughman-freelance-storyboard-cinema\/#primaryimage\",\"inLanguage\":\"fr-FR\",\"url\":\"https:\/\/nyanpereira.fr\/dessinateur\/wp-content\/uploads\/2017\/03\/storyboarder.film_.vacance.iles_.ocean_.jpg\",\"contentUrl\":\"https:\/\/nyanpereira.fr\/dessinateur\/wp-content\/uploads\/2017\/03\/storyboarder.film_.vacance.iles_.ocean_.jpg\",\"width\":650,\"height\":945},{\"@type\":\"WebPage\",\"@id\":\"https:\/\/nyanpereira.fr\/dessinateur\/roughman-freelance-storyboard-cinema\/#webpage\",\"url\":\"https:\/\/nyanpereira.fr\/dessinateur\/roughman-freelance-storyboard-cinema\/\",\"name\":\"ROUGHMAN Freelance \/\/ Aux service de la publicit\\u00e9 \/ PARIS - NICE\",\"isPartOf\":{\"@id\":\"https:\/\/nyanpereira.fr\/dessinateur\/#website\"},\"primaryImageOfPage\":{\"@id\":\"https:\/\/nyanpereira.fr\/dessinateur\/roughman-freelance-storyboard-cinema\/#primaryimage\"},\"datePublished\":\"2017-04-07T09:29:54+00:00\",\"dateModified\":\"2020-05-29T07:01:49+00:00\",\"description\":\"Roughman freelance Entre rough - Storyboard et sc\\u00e9nographie et photomontage. D\\u00e9couvrez l'oeuvre d'artiste roughman freelance \\u00e0 Paris\",\"breadcrumb\":{\"@id\":\"https:\/\/nyanpereira.fr\/dessinateur\/roughman-freelance-storyboard-cinema\/#breadcrumb\"},\"inLanguage\":\"fr-FR\",\"potentialAction\":[{\"@type\":\"ReadAction\",\"target\":[\"https:\/\/nyanpereira.fr\/dessinateur\/roughman-freelance-storyboard-cinema\/\"]}]},{\"@type\":\"BreadcrumbList\",\"@id\":\"https:\/\/nyanpereira.fr\/dessinateur\/roughman-freelance-storyboard-cinema\/#breadcrumb\",\"itemListElement\":[{\"@type\":\"ListItem\",\"position\":1,\"name\":\"Accueil\",\"item\":\"https:\/\/nyanpereira.fr\/dessinateur\/\"},{\"@type\":\"ListItem\",\"position\":2,\"name\":\"ROUGHMAN Freelance \/\/ Aux service du cin\\u00e9ma et de la publicit\\u00e9\"}]}]}<\/script>\n<!-- \/ Yoast SEO plugin. -->","yoast_head_json":{"title":"ROUGHMAN Freelance \/\/ Aux service de la publicit\u00e9 \/ PARIS - NICE","description":"Roughman freelance Entre rough - Storyboard et sc\u00e9nographie et photomontage. D\u00e9couvrez l'oeuvre d'artiste roughman freelance \u00e0 Paris","robots":{"index":"index","follow":"follow","max-snippet":"max-snippet:-1","max-image-preview":"max-image-preview:large","max-video-preview":"max-video-preview:-1"},"canonical":"https:\/\/nyanpereira.fr\/dessinateur\/roughman-freelance-storyboard-cinema\/","og_locale":"fr_FR","og_type":"article","og_title":"ROUGHMAN Freelance \/\/ Aux service de la publicit\u00e9 \/ PARIS - NICE","og_description":"Roughman freelance Entre rough - Storyboard et sc\u00e9nographie et photomontage. D\u00e9couvrez l'oeuvre d'artiste roughman freelance \u00e0 Paris","og_url":"https:\/\/nyanpereira.fr\/dessinateur\/roughman-freelance-storyboard-cinema\/","og_site_name":"Service Cr\u00e9atif &amp; Pr\u00e9sentation Artistique","article_modified_time":"2020-05-29T07:01:49+00:00","og_image":[{"url":"https:\/\/nyanpereira.fr\/dessinateur\/wp-content\/uploads\/2017\/03\/storyboarder.film_.vacance.iles_.ocean_-206x300.jpg"}],"twitter_card":"summary_large_image","twitter_misc":{"Dur\u00e9e de lecture estim\u00e9e":"3 minutes"},"schema":{"@context":"https:\/\/schema.org","@graph":[{"@type":"Organization","@id":"https:\/\/nyanpereira.fr\/dessinateur\/#organization","name":"storyboarder Freelance","url":"https:\/\/nyanpereira.fr\/dessinateur\/","sameAs":[],"logo":{"@type":"ImageObject","@id":"https:\/\/nyanpereira.fr\/dessinateur\/#logo","inLanguage":"fr-FR","url":"","contentUrl":"","caption":"storyboarder Freelance"},"image":{"@id":"https:\/\/nyanpereira.fr\/dessinateur\/#logo"}},{"@type":"WebSite","@id":"https:\/\/nyanpereira.fr\/dessinateur\/#website","url":"https:\/\/nyanpereira.fr\/dessinateur\/","name":"Service Cr\u00e9atif &amp; Pr\u00e9sentation Artistique","description":"Roughs, Storyboard, Antimatic &amp; Photomontage","publisher":{"@id":"https:\/\/nyanpereira.fr\/dessinateur\/#organization"},"potentialAction":[{"@type":"SearchAction","target":{"@type":"EntryPoint","urlTemplate":"https:\/\/nyanpereira.fr\/dessinateur\/?s={search_term_string}"},"query-input":"required name=search_term_string"}],"inLanguage":"fr-FR"},{"@type":"ImageObject","@id":"https:\/\/nyanpereira.fr\/dessinateur\/roughman-freelance-storyboard-cinema\/#primaryimage","inLanguage":"fr-FR","url":"https:\/\/nyanpereira.fr\/dessinateur\/wp-content\/uploads\/2017\/03\/storyboarder.film_.vacance.iles_.ocean_.jpg","contentUrl":"https:\/\/nyanpereira.fr\/dessinateur\/wp-content\/uploads\/2017\/03\/storyboarder.film_.vacance.iles_.ocean_.jpg","width":650,"height":945},{"@type":"WebPage","@id":"https:\/\/nyanpereira.fr\/dessinateur\/roughman-freelance-storyboard-cinema\/#webpage","url":"https:\/\/nyanpereira.fr\/dessinateur\/roughman-freelance-storyboard-cinema\/","name":"ROUGHMAN Freelance \/\/ Aux service de la publicit\u00e9 \/ PARIS - NICE","isPartOf":{"@id":"https:\/\/nyanpereira.fr\/dessinateur\/#website"},"primaryImageOfPage":{"@id":"https:\/\/nyanpereira.fr\/dessinateur\/roughman-freelance-storyboard-cinema\/#primaryimage"},"datePublished":"2017-04-07T09:29:54+00:00","dateModified":"2020-05-29T07:01:49+00:00","description":"Roughman freelance Entre rough - Storyboard et sc\u00e9nographie et photomontage. D\u00e9couvrez l'oeuvre d'artiste roughman freelance \u00e0 Paris","breadcrumb":{"@id":"https:\/\/nyanpereira.fr\/dessinateur\/roughman-freelance-storyboard-cinema\/#breadcrumb"},"inLanguage":"fr-FR","potentialAction":[{"@type":"ReadAction","target":["https:\/\/nyanpereira.fr\/dessinateur\/roughman-freelance-storyboard-cinema\/"]}]},{"@type":"BreadcrumbList","@id":"https:\/\/nyanpereira.fr\/dessinateur\/roughman-freelance-storyboard-cinema\/#breadcrumb","itemListElement":[{"@type":"ListItem","position":1,"name":"Accueil","item":"https:\/\/nyanpereira.fr\/dessinateur\/"},{"@type":"ListItem","position":2,"name":"ROUGHMAN Freelance \/\/ Aux service du cin\u00e9ma et de la publicit\u00e9"}]}]}},"_links":{"self":[{"href":"https:\/\/nyanpereira.fr\/dessinateur\/wp-json\/wp\/v2\/pages\/1534"}],"collection":[{"href":"https:\/\/nyanpereira.fr\/dessinateur\/wp-json\/wp\/v2\/pages"}],"about":[{"href":"https:\/\/nyanpereira.fr\/dessinateur\/wp-json\/wp\/v2\/types\/page"}],"author":[{"embeddable":true,"href":"https:\/\/nyanpereira.fr\/dessinateur\/wp-json\/wp\/v2\/users\/1"}],"replies":[{"embeddable":true,"href":"https:\/\/nyanpereira.fr\/dessinateur\/wp-json\/wp\/v2\/comments?post=1534"}],"version-history":[{"count":334,"href":"https:\/\/nyanpereira.fr\/dessinateur\/wp-json\/wp\/v2\/pages\/1534\/revisions"}],"predecessor-version":[{"id":8698,"href":"https:\/\/nyanpereira.fr\/dessinateur\/wp-json\/wp\/v2\/pages\/1534\/revisions\/8698"}],"wp:attachment":[{"href":"https:\/\/nyanpereira.fr\/dessinateur\/wp-json\/wp\/v2\/media?parent=1534"}],"curies":[{"name":"wp","href":"https:\/\/api.w.org\/{rel}","templated":true}]}}